{"id":31281,"date":"2024-11-20T13:15:03","date_gmt":"2024-11-20T11:15:03","guid":{"rendered":"https:\/\/farwell.ee\/toode\/pastamasin-manuaalne-marcato-atlas-150\/"},"modified":"2025-12-16T13:45:04","modified_gmt":"2025-12-16T11:45:04","slug":"pastamasin-manuaalne-marcato-atlas-150","status":"publish","type":"product","link":"https:\/\/farwell.ee\/ru\/product\/pastamasin-manuaalne-marcato-atlas-150\/","title":{"rendered":"Pastamasin manuaalne Marcato Atlas 150"},"content":{"rendered":"","protected":false},"excerpt":{"rendered":"<p>Marcato Atlas on kvaliteetne Itaalias valmistatud pastamasin.<br \/>\nPastamasina rulli laius on 150mm ja sellel on reguleeritav plaadiosa, tagliatelle ja spagettide l\u00f5ikur.<br \/>\nMarcato pastamasinal on 3-aastane tootjagarantii.<\/p>\n<p>Marcato pastamasina kasutamine:<\/p>\n<p>Kinnitage pastamasin kindlalt pakendis oleva klambriga laua serva k\u00fclge.<br \/>\nMasina esimene puhastamine toimub paari taignalehe abil l\u00e4bi rullide, misj\u00e4rel visatakse need taignat\u00fckid minema.<br \/>\nSee protseduur eemaldab rullilt ja l\u00f5ikuritelt k\u00f5ik \u00f5lij\u00e4\u00e4gid.<\/p>\n<p>Pastamasina puhastamine p\u00e4rast kasutamist:<\/p>\n<p>Puhastage rullikuid \u00fclevalt ja altpoolt pehme lapi v\u00f5i pintsliga.<br \/>\n\u00c4rge kunagi peske masinat vee v\u00f5i pesuvahendiga!<br \/>\nSamuti ei tohi pastamasinat mitte mingil juhul pesta n\u00f5udepesumasinas!<\/p>","protected":false},"featured_media":36395,"template":"","meta":{"_acf_changed":false,"inline_featured_image":false},"product_brand":[],"product_cat":[12395],"product_tag":[],"class_list":{"0":"post-31281","1":"product","2":"type-product","3":"status-publish","4":"has-post-thumbnail","6":"product_cat-pastamasinad","7":"pa_kaubamark-marcato","9":"first","10":"outofstock","11":"shipping-taxable","12":"purchasable","13":"product-type-simple"},"acf":[],"_links":{"self":[{"href":"https:\/\/farwell.ee\/ru\/wp-json\/wp\/v2\/product\/31281","targetHints":{"allow":["GET"]}}],"collection":[{"href":"https:\/\/farwell.ee\/ru\/wp-json\/wp\/v2\/product"}],"about":[{"href":"https:\/\/farwell.ee\/ru\/wp-json\/wp\/v2\/types\/product"}],"wp:featuredmedia":[{"embeddable":true,"href":"https:\/\/farwell.ee\/ru\/wp-json\/wp\/v2\/media\/36395"}],"wp:attachment":[{"href":"https:\/\/farwell.ee\/ru\/wp-json\/wp\/v2\/media?parent=31281"}],"wp:term":[{"taxonomy":"product_brand","embeddable":true,"href":"https:\/\/farwell.ee\/ru\/wp-json\/wp\/v2\/product_brand?post=31281"},{"taxonomy":"product_cat","embeddable":true,"href":"https:\/\/farwell.ee\/ru\/wp-json\/wp\/v2\/product_cat?post=31281"},{"taxonomy":"product_tag","embeddable":true,"href":"https:\/\/farwell.ee\/ru\/wp-json\/wp\/v2\/product_tag?post=31281"}],"curies":[{"name":"wp","href":"https:\/\/api.w.org\/{rel}","templated":true}]}}