{"id":31122,"date":"2024-11-08T10:00:05","date_gmt":"2024-11-08T08:00:05","guid":{"rendered":"https:\/\/farwell.ee\/toode\/sailituskarp-12l-kaanega-23x115x9cm-2-tk-pk-lavendel\/"},"modified":"2026-02-09T10:00:05","modified_gmt":"2026-02-09T08:00:05","slug":"sailituskarp-12l-kaanega-23x115x9cm-2-tk-pk-lavendel","status":"publish","type":"product","link":"https:\/\/farwell.ee\/ru\/product\/sailituskarp-12l-kaanega-23x115x9cm-2-tk-pk-lavendel\/","title":{"rendered":"S\u00e4ilituskarp 1,2L kaanega, 23&#215;11,5x9cm, 2 tk\/pk, Lavendel"},"content":{"rendered":"","protected":false},"excerpt":{"rendered":"<p><span class=\"jCAhz ChMk0b\"><span class=\"ryNqvb\">BPA-vabad toidukarbid on n\u00f5udepesumasina-, mikrolaineahju- ja s\u00fcgavk\u00fclmakindlad (enne mikrolaineahju kasutamist eemaldage kaas).<\/span><\/span><br \/>\n<span class=\"jCAhz ChMk0b\"><span class=\"ryNqvb\">\u00d5hutihedalt suletav kaas.<br \/>\nToidukarbi nurkades on s\u00fcvendid, mis h\u00f5lbustavad avamist.<\/span><\/span><\/p>","protected":false},"featured_media":31121,"template":"","meta":{"_acf_changed":false,"inline_featured_image":false},"product_brand":[],"product_cat":[5674],"product_tag":[10108,10109],"class_list":{"0":"post-31122","1":"product","2":"type-product","3":"status-publish","4":"has-post-thumbnail","6":"product_cat-sailitus-ja-transpordikastid","7":"product_tag-korduvkasutatav-toidukarp","8":"product_tag-toidukarp","9":"pa_kaubamark-orthex","11":"first","12":"outofstock","13":"shipping-taxable","14":"purchasable","15":"product-type-simple"},"acf":[],"_links":{"self":[{"href":"https:\/\/farwell.ee\/ru\/wp-json\/wp\/v2\/product\/31122","targetHints":{"allow":["GET"]}}],"collection":[{"href":"https:\/\/farwell.ee\/ru\/wp-json\/wp\/v2\/product"}],"about":[{"href":"https:\/\/farwell.ee\/ru\/wp-json\/wp\/v2\/types\/product"}],"wp:featuredmedia":[{"embeddable":true,"href":"https:\/\/farwell.ee\/ru\/wp-json\/wp\/v2\/media\/31121"}],"wp:attachment":[{"href":"https:\/\/farwell.ee\/ru\/wp-json\/wp\/v2\/media?parent=31122"}],"wp:term":[{"taxonomy":"product_brand","embeddable":true,"href":"https:\/\/farwell.ee\/ru\/wp-json\/wp\/v2\/product_brand?post=31122"},{"taxonomy":"product_cat","embeddable":true,"href":"https:\/\/farwell.ee\/ru\/wp-json\/wp\/v2\/product_cat?post=31122"},{"taxonomy":"product_tag","embeddable":true,"href":"https:\/\/farwell.ee\/ru\/wp-json\/wp\/v2\/product_tag?post=31122"}],"curies":[{"name":"wp","href":"https:\/\/api.w.org\/{rel}","templated":true}]}}