{"id":31007,"date":"2024-10-30T12:45:04","date_gmt":"2024-10-30T10:45:04","guid":{"rendered":"https:\/\/farwell.ee\/toode\/kuuma-joogi-hoidik-9l-elektriline-1300w-kahekordse-korpusega\/"},"modified":"2026-02-26T11:00:04","modified_gmt":"2026-02-26T09:00:04","slug":"kuuma-joogi-hoidik-9l-elektriline-1300w-kahekordse-korpusega","status":"publish","type":"product","link":"https:\/\/farwell.ee\/ru\/product\/kuuma-joogi-hoidik-9l-elektriline-1300w-kahekordse-korpusega\/","title":{"rendered":"Kuuma joogi hoidik 9L elektriline 1300W, kahekordse korpusega"},"content":{"rendered":"","protected":false},"excerpt":{"rendered":"<p>Sobib h\u00f5\u00f5gveini valmistamiseks ja soojas hoidmiseks ning vee keetmiseks.<br \/>\n\u2013 Poleeritud roostevabast terasest isoleeritud kahekordsed seinad viivad soojuskao miinimumini, millega v\u00e4heneb elektrienergia kulu<br \/>\n\u2013 Kaas turvalise \u201eTwist-lock\u201c-t\u00fc\u00fcpi lukustusega<br \/>\n\u2013 Mittesoojenevad k\u00e4epidemed, kaane k\u00e4epide ja mittetilkuv kraan on valmistatud pol\u00fcprop\u00fcleenist<br \/>\n\u2013 Mugav veetaseme n\u00e4idik, n\u00e4idud on v\u00e4ljendatud tasside hulgaga<br \/>\n\u2013 Tassi maksimaalne k\u00f5rgus: 130 mm (ilma \u00fclevoolukandikuta).<br \/>\n\u2013 Temperatuuri seadistamine termostaadi abil: 30-100 \u00b0C<br \/>\n\u2013 Silikoonist pinnakattega l\u00fcliti ja p\u00f6\u00f6ratav nupp n\u00f5utava temperatuuri seadistamiseks.<br \/>\n\u2013 \u00dclekuumenemiskaitsmega k\u00fctteelement on paigaldatud p\u00f5hja alla, mis kaitseb seda katlakivi tekke eest<br \/>\n\u2013 Komplektis \u00fclevoolukandik.<br \/>\n\u00dcldmaht 10L , kasulik maht 9L.<br \/>\nM\u00f5\u00f5dud : 310 x 330 x 490 mm.<br \/>\nElekter: 230 V \/ 1 faas \/ 1,3 kW<\/p>","protected":false},"featured_media":31008,"template":"","meta":{"_acf_changed":false,"inline_featured_image":false},"product_brand":[],"product_cat":[5634],"product_tag":[],"class_list":{"0":"post-31007","1":"product","2":"type-product","3":"status-publish","4":"has-post-thumbnail","6":"product_cat-kuuma-joogi-seadmed","7":"pa_kaubamark-hendi","9":"first","10":"outofstock","11":"shipping-taxable","12":"purchasable","13":"product-type-simple"},"acf":[],"_links":{"self":[{"href":"https:\/\/farwell.ee\/ru\/wp-json\/wp\/v2\/product\/31007","targetHints":{"allow":["GET"]}}],"collection":[{"href":"https:\/\/farwell.ee\/ru\/wp-json\/wp\/v2\/product"}],"about":[{"href":"https:\/\/farwell.ee\/ru\/wp-json\/wp\/v2\/types\/product"}],"wp:featuredmedia":[{"embeddable":true,"href":"https:\/\/farwell.ee\/ru\/wp-json\/wp\/v2\/media\/31008"}],"wp:attachment":[{"href":"https:\/\/farwell.ee\/ru\/wp-json\/wp\/v2\/media?parent=31007"}],"wp:term":[{"taxonomy":"product_brand","embeddable":true,"href":"https:\/\/farwell.ee\/ru\/wp-json\/wp\/v2\/product_brand?post=31007"},{"taxonomy":"product_cat","embeddable":true,"href":"https:\/\/farwell.ee\/ru\/wp-json\/wp\/v2\/product_cat?post=31007"},{"taxonomy":"product_tag","embeddable":true,"href":"https:\/\/farwell.ee\/ru\/wp-json\/wp\/v2\/product_tag?post=31007"}],"curies":[{"name":"wp","href":"https:\/\/api.w.org\/{rel}","templated":true}]}}