{"id":31005,"date":"2024-10-30T10:30:04","date_gmt":"2024-10-30T08:30:04","guid":{"rendered":"https:\/\/farwell.ee\/toode\/kuuma-shokolaadi-ehk-kakao-masin-10l\/"},"modified":"2026-01-09T11:00:04","modified_gmt":"2026-01-09T09:00:04","slug":"kuuma-shokolaadi-ehk-kakao-masin-10l","status":"publish","type":"product","link":"https:\/\/farwell.ee\/ru\/product\/kuuma-shokolaadi-ehk-kakao-masin-10l\/","title":{"rendered":"Kuuma shokolaadi ehk kakao masin 10L"},"content":{"rendered":"","protected":false},"excerpt":{"rendered":"<p>V\u00f5imsus 1006W.<br \/>\nElekter 230V, \u00fchefaasiline.<br \/>\nVeevanni-t\u00fc\u00fcpi k\u00fcttes\u00fcsteem hoiab \u00e4ra kuuma \u0161okolaadi p\u00f5hjap\u00f5lemise.<br \/>\nMahuti p\u00f5hi on valmistatud roostevabast terasest.<br \/>\nK\u00fclgseinad on valmistatud pol\u00fckarbonaadist.<br \/>\nTilgaalus koos ujukindikaatori hoiatusega, kui see on t\u00e4is.<br \/>\nKaitse \u00fclekuumenemise eest.<br \/>\nPidev segamine tagab \u0161okolaadi homogeense konsistentsi.<br \/>\nSpetsiaalne tilkumisvastane kraan.<br \/>\nReguleeritav temperatuurivahemik: +65\u00b0C kuni +85\u00b0C.<br \/>\nN\u00f5utav keskkonnatemperatuur: +10\u00b0C kuni +32\u00b0C.<\/p>","protected":false},"featured_media":31004,"template":"","meta":{"_acf_changed":false,"inline_featured_image":false},"product_brand":[],"product_cat":[5634],"product_tag":[],"class_list":{"0":"post-31005","1":"product","2":"type-product","3":"status-publish","4":"has-post-thumbnail","6":"product_cat-kuuma-joogi-seadmed","7":"pa_kaubamark-hendi","9":"first","10":"outofstock","11":"shipping-taxable","12":"purchasable","13":"product-type-simple"},"acf":[],"_links":{"self":[{"href":"https:\/\/farwell.ee\/ru\/wp-json\/wp\/v2\/product\/31005","targetHints":{"allow":["GET"]}}],"collection":[{"href":"https:\/\/farwell.ee\/ru\/wp-json\/wp\/v2\/product"}],"about":[{"href":"https:\/\/farwell.ee\/ru\/wp-json\/wp\/v2\/types\/product"}],"wp:featuredmedia":[{"embeddable":true,"href":"https:\/\/farwell.ee\/ru\/wp-json\/wp\/v2\/media\/31004"}],"wp:attachment":[{"href":"https:\/\/farwell.ee\/ru\/wp-json\/wp\/v2\/media?parent=31005"}],"wp:term":[{"taxonomy":"product_brand","embeddable":true,"href":"https:\/\/farwell.ee\/ru\/wp-json\/wp\/v2\/product_brand?post=31005"},{"taxonomy":"product_cat","embeddable":true,"href":"https:\/\/farwell.ee\/ru\/wp-json\/wp\/v2\/product_cat?post=31005"},{"taxonomy":"product_tag","embeddable":true,"href":"https:\/\/farwell.ee\/ru\/wp-json\/wp\/v2\/product_tag?post=31005"}],"curies":[{"name":"wp","href":"https:\/\/api.w.org\/{rel}","templated":true}]}}