{"id":30943,"date":"2024-10-23T13:30:06","date_gmt":"2024-10-23T10:30:06","guid":{"rendered":"https:\/\/farwell.ee\/toode\/mola-137cm-plastikust-labaga\/"},"modified":"2026-03-05T16:15:07","modified_gmt":"2026-03-05T14:15:07","slug":"mola-137cm-plastikust-labaga","status":"publish","type":"product","link":"https:\/\/farwell.ee\/ru\/product\/mola-137cm-plastikust-labaga\/","title":{"rendered":"M\u00f5la 137cm plastikust labaga"},"content":{"rendered":"","protected":false},"excerpt":{"rendered":"<p>Laba m\u00f5\u00f5dud 23,5&#215;10,8cm.<\/p>\n<p>Kahe k\u00e4epideme hoidikuga.<\/p>","protected":false},"featured_media":30942,"template":"","meta":{"_acf_changed":false,"inline_featured_image":false},"product_brand":[],"product_cat":[187],"product_tag":[],"class_list":{"0":"post-30943","1":"product","2":"type-product","3":"status-publish","4":"has-post-thumbnail","6":"product_cat-visplid-ja-molad","7":"pa_kaubamark-paderno","9":"first","10":"outofstock","11":"shipping-taxable","12":"purchasable","13":"product-type-simple"},"acf":[],"_links":{"self":[{"href":"https:\/\/farwell.ee\/ru\/wp-json\/wp\/v2\/product\/30943","targetHints":{"allow":["GET"]}}],"collection":[{"href":"https:\/\/farwell.ee\/ru\/wp-json\/wp\/v2\/product"}],"about":[{"href":"https:\/\/farwell.ee\/ru\/wp-json\/wp\/v2\/types\/product"}],"wp:featuredmedia":[{"embeddable":true,"href":"https:\/\/farwell.ee\/ru\/wp-json\/wp\/v2\/media\/30942"}],"wp:attachment":[{"href":"https:\/\/farwell.ee\/ru\/wp-json\/wp\/v2\/media?parent=30943"}],"wp:term":[{"taxonomy":"product_brand","embeddable":true,"href":"https:\/\/farwell.ee\/ru\/wp-json\/wp\/v2\/product_brand?post=30943"},{"taxonomy":"product_cat","embeddable":true,"href":"https:\/\/farwell.ee\/ru\/wp-json\/wp\/v2\/product_cat?post=30943"},{"taxonomy":"product_tag","embeddable":true,"href":"https:\/\/farwell.ee\/ru\/wp-json\/wp\/v2\/product_tag?post=30943"}],"curies":[{"name":"wp","href":"https:\/\/api.w.org\/{rel}","templated":true}]}}