{"id":30879,"date":"2024-10-09T13:30:04","date_gmt":"2024-10-09T10:30:04","guid":{"rendered":"https:\/\/farwell.ee\/toode\/loikelaud-40x30x2cm-valge-poluetuleen\/"},"modified":"2026-03-05T16:15:06","modified_gmt":"2026-03-05T14:15:06","slug":"loikelaud-40x30x2cm-valge-poluetuleen","status":"publish","type":"product","link":"https:\/\/farwell.ee\/ru\/product\/loikelaud-40x30x2cm-valge-poluetuleen\/","title":{"rendered":"L\u00f5ikelaud 40x30x2cm valge pol\u00fcet\u00fcleen"},"content":{"rendered":"","protected":false},"excerpt":{"rendered":"","protected":false},"featured_media":30878,"template":"","meta":{"_acf_changed":false,"inline_featured_image":false},"product_brand":[],"product_cat":[146],"product_tag":[],"class_list":{"0":"post-30879","1":"product","2":"type-product","3":"status-publish","4":"has-post-thumbnail","6":"product_cat-loikelauad","7":"pa_kaubamark-paderno","9":"first","10":"outofstock","11":"shipping-taxable","12":"purchasable","13":"product-type-simple"},"acf":[],"_links":{"self":[{"href":"https:\/\/farwell.ee\/ru\/wp-json\/wp\/v2\/product\/30879","targetHints":{"allow":["GET"]}}],"collection":[{"href":"https:\/\/farwell.ee\/ru\/wp-json\/wp\/v2\/product"}],"about":[{"href":"https:\/\/farwell.ee\/ru\/wp-json\/wp\/v2\/types\/product"}],"wp:featuredmedia":[{"embeddable":true,"href":"https:\/\/farwell.ee\/ru\/wp-json\/wp\/v2\/media\/30878"}],"wp:attachment":[{"href":"https:\/\/farwell.ee\/ru\/wp-json\/wp\/v2\/media?parent=30879"}],"wp:term":[{"taxonomy":"product_brand","embeddable":true,"href":"https:\/\/farwell.ee\/ru\/wp-json\/wp\/v2\/product_brand?post=30879"},{"taxonomy":"product_cat","embeddable":true,"href":"https:\/\/farwell.ee\/ru\/wp-json\/wp\/v2\/product_cat?post=30879"},{"taxonomy":"product_tag","embeddable":true,"href":"https:\/\/farwell.ee\/ru\/wp-json\/wp\/v2\/product_tag?post=30879"}],"curies":[{"name":"wp","href":"https:\/\/api.w.org\/{rel}","templated":true}]}}