{"id":30834,"date":"2024-10-04T10:45:03","date_gmt":"2024-10-04T07:45:03","guid":{"rendered":"https:\/\/farwell.ee\/toode\/pannkoogipann-o28cm\/"},"modified":"2026-04-02T10:45:14","modified_gmt":"2026-04-02T07:45:14","slug":"pannkoogipann-o28cm-sobib-koikidele-pliidituupidele","status":"publish","type":"product","link":"https:\/\/farwell.ee\/ru\/product\/pannkoogipann-o28cm-sobib-koikidele-pliidituupidele\/","title":{"rendered":"Pannkoogipann 28cm, sobib k\u00f5ikidele pliidit\u00fc\u00fcpidele"},"content":{"rendered":"","protected":false},"excerpt":{"rendered":"<p>Sobib k\u00f5ikidele pliidit\u00fc\u00fcpidele, k.a. induktsioonile.<br \/>\nK\u00e4epide on valmistatud epoks\u00fc-v\u00e4rviga kaetud terasest.<br \/>\nMarble mittenakkuva kattekihi temperatuuritaluvus on kuni + 260C.<br \/>\nMasinpesu ei ole lubatud !<br \/>\nP\u00f5hja l\u00e4bim\u00f5\u00f5t 24cm.<\/p>","protected":false},"featured_media":30846,"template":"","meta":{"_acf_changed":false,"inline_featured_image":false},"product_brand":[],"product_cat":[152],"product_tag":[],"class_list":{"0":"post-30834","1":"product","2":"type-product","3":"status-publish","4":"has-post-thumbnail","6":"product_cat-pannid","7":"pa_kaubamark-hendi","9":"first","10":"instock","11":"shipping-taxable","12":"purchasable","13":"product-type-simple"},"acf":[],"_links":{"self":[{"href":"https:\/\/farwell.ee\/ru\/wp-json\/wp\/v2\/product\/30834","targetHints":{"allow":["GET"]}}],"collection":[{"href":"https:\/\/farwell.ee\/ru\/wp-json\/wp\/v2\/product"}],"about":[{"href":"https:\/\/farwell.ee\/ru\/wp-json\/wp\/v2\/types\/product"}],"wp:featuredmedia":[{"embeddable":true,"href":"https:\/\/farwell.ee\/ru\/wp-json\/wp\/v2\/media\/30846"}],"wp:attachment":[{"href":"https:\/\/farwell.ee\/ru\/wp-json\/wp\/v2\/media?parent=30834"}],"wp:term":[{"taxonomy":"product_brand","embeddable":true,"href":"https:\/\/farwell.ee\/ru\/wp-json\/wp\/v2\/product_brand?post=30834"},{"taxonomy":"product_cat","embeddable":true,"href":"https:\/\/farwell.ee\/ru\/wp-json\/wp\/v2\/product_cat?post=30834"},{"taxonomy":"product_tag","embeddable":true,"href":"https:\/\/farwell.ee\/ru\/wp-json\/wp\/v2\/product_tag?post=30834"}],"curies":[{"name":"wp","href":"https:\/\/api.w.org\/{rel}","templated":true}]}}