{"id":30485,"date":"2024-08-30T14:15:04","date_gmt":"2024-08-30T11:15:04","guid":{"rendered":"https:\/\/farwell.ee\/toode\/saumikser-400mm-segamisvarrega-voimsus-500w-16000-p-min-reguleeritava-kiirusega-max-mahule-80l\/"},"modified":"2026-03-24T11:15:05","modified_gmt":"2026-03-24T09:15:05","slug":"saumikser-400mm-segamisvarrega-voimsus-500w-reguleeritava-kiirusega-kuni-16000-p-min","status":"publish","type":"product","link":"https:\/\/farwell.ee\/ru\/product\/saumikser-400mm-segamisvarrega-voimsus-500w-reguleeritava-kiirusega-kuni-16000-p-min\/","title":{"rendered":"Saumikser 400mm segamisvarrega, v\u00f5imsus 500W, reguleeritava kiirusega kuni 16000 p\/min"},"content":{"rendered":"","protected":false},"excerpt":{"rendered":"<p>Ajami korpus on valmistatud vastupidavast mustast pol\u00fcamiidist, tugevdatud klaaskiuga.<br \/>\nEemaldatav tera roostevabast terasest AISI304.<br \/>\nKomplektis: v\u00e4ike v\u00f5ti tera lahtiv\u00f5tmiseks.<br \/>\nMuutuva kiiruse reguleerimine sujuvalt nupuga: 4000 kuni 16000 p\/min.<br \/>\nVentilatsiooniga mootor.<br \/>\nOhutusnupp hoiab \u00e4ra seadme juhusliku aktiveerimise.<br \/>\nLukustusnupp v\u00f5imaldab pidevat t\u00f6\u00f6d ilma nuppu vajutamata.<br \/>\nKuni 80L mahtude purustamiseks ja peenestamiseks.<br \/>\nKomplekti kuuluv segamisvars on valmistatud roostevabast terasest AISI304, pikkusega 400 mm.<\/p>","protected":false},"featured_media":31070,"template":"","meta":{"_acf_changed":false,"inline_featured_image":false},"product_brand":[],"product_cat":[5586],"product_tag":[],"class_list":{"0":"post-30485","1":"product","2":"type-product","3":"status-publish","4":"has-post-thumbnail","6":"product_cat-saumikserid","7":"pa_kaubamark-hendi","9":"first","10":"outofstock","11":"shipping-taxable","12":"purchasable","13":"product-type-simple"},"acf":[],"_links":{"self":[{"href":"https:\/\/farwell.ee\/ru\/wp-json\/wp\/v2\/product\/30485","targetHints":{"allow":["GET"]}}],"collection":[{"href":"https:\/\/farwell.ee\/ru\/wp-json\/wp\/v2\/product"}],"about":[{"href":"https:\/\/farwell.ee\/ru\/wp-json\/wp\/v2\/types\/product"}],"wp:featuredmedia":[{"embeddable":true,"href":"https:\/\/farwell.ee\/ru\/wp-json\/wp\/v2\/media\/31070"}],"wp:attachment":[{"href":"https:\/\/farwell.ee\/ru\/wp-json\/wp\/v2\/media?parent=30485"}],"wp:term":[{"taxonomy":"product_brand","embeddable":true,"href":"https:\/\/farwell.ee\/ru\/wp-json\/wp\/v2\/product_brand?post=30485"},{"taxonomy":"product_cat","embeddable":true,"href":"https:\/\/farwell.ee\/ru\/wp-json\/wp\/v2\/product_cat?post=30485"},{"taxonomy":"product_tag","embeddable":true,"href":"https:\/\/farwell.ee\/ru\/wp-json\/wp\/v2\/product_tag?post=30485"}],"curies":[{"name":"wp","href":"https:\/\/api.w.org\/{rel}","templated":true}]}}