{"id":30373,"date":"2024-08-19T16:56:37","date_gmt":"2024-08-19T13:56:37","guid":{"rendered":"https:\/\/farwell.ee\/?post_type=product&#038;p=30373"},"modified":"2024-08-21T15:57:10","modified_gmt":"2024-08-21T12:57:10","slug":"kuppelnoudepesumasin-9-9kw-isoleeritud-topeltkorpusega-80-korvi-h","status":"publish","type":"product","link":"https:\/\/farwell.ee\/ru\/product\/kuppelnoudepesumasin-9-9kw-isoleeritud-topeltkorpusega-80-korvi-h\/","title":{"rendered":"Kuppeln\u00f5udepesumasin 9,9kW isoleeritud topeltkorpusega, 80 korvi\/h"},"content":{"rendered":"","protected":false},"excerpt":{"rendered":"<p><strong>*hinnale lisandub k\u00e4ibemaks<\/strong><\/p>\n<ul>\n<li>304 roostevabast terasest konstruktsioon, mis sisaldab isoleeritud topeltkorpusega kuplit, v\u00e4lis- ja k\u00fclgpaneele, pesupaaki, paagi filtrit ning pesemis- ja loputusvarsi<\/li>\n<li>Kasutab 2 liitrit puhast 84\u00b0C l\u00f5pploputuse vett ts\u00fckli kohta<\/li>\n<li>Garanteeritud loputusvee temperatuur ja r\u00f5hk &#8211; t\u00e4nu atmosf\u00e4\u00e4rilisele boilerile ja sisse ehitatud loputusvee pumbale<\/li>\n<li>Pesemistulemuse tagab v\u00f5imas 0,8 kW pesupump ja roostevabast terasest p\u00f6\u00f6rlevad pesuvarred<\/li>\n<li>&#8220;WASH SAFE CONTROL&#8221; LED kontrolltuli. Roheline tuli n\u00e4itab, et k\u00f5ik pestavad asjad on korralikult loputatud<\/li>\n<li>CLEAR BLUE filtreerimiss\u00fcsteem eemaldab pesuveest enamuse mustusest<\/li>\n<li>Seade on varustatud \u00e4ravoolupumba, loputusvahendi pumbaga ning painduvate \u00fchendusvoolikutega<\/li>\n<li>Paigaldatav nurka v\u00f5i sirgelt seina \u00e4\u00e4rde ja tarnitakse koos reguleeritavate k\u00f5rgusega jalgadega<\/li>\n<\/ul>\n<p>M\u00f5\u00f5tmed: 752x755x1567 mm<\/p>\n<p>V\u00f5imsus: 9.9 kW<\/p>\n<p>Kaubam\u00e4rk: Electrolux Professional<\/p>\n<p>Tooteleht: <a href=\"https:\/\/farwell.ee\/wp-content\/uploads\/504259.pdf\">504259<\/a><\/p>","protected":false},"featured_media":30374,"template":"","meta":{"_acf_changed":false,"inline_featured_image":false},"product_brand":[],"product_cat":[9800],"product_tag":[],"class_list":{"0":"post-30373","1":"product","2":"type-product","3":"status-publish","4":"has-post-thumbnail","6":"product_cat-kuppelnoudepesumasinad","8":"first","9":"outofstock","10":"shipping-taxable","11":"purchasable","12":"product-type-simple"},"acf":[],"_links":{"self":[{"href":"https:\/\/farwell.ee\/ru\/wp-json\/wp\/v2\/product\/30373","targetHints":{"allow":["GET"]}}],"collection":[{"href":"https:\/\/farwell.ee\/ru\/wp-json\/wp\/v2\/product"}],"about":[{"href":"https:\/\/farwell.ee\/ru\/wp-json\/wp\/v2\/types\/product"}],"wp:featuredmedia":[{"embeddable":true,"href":"https:\/\/farwell.ee\/ru\/wp-json\/wp\/v2\/media\/30374"}],"wp:attachment":[{"href":"https:\/\/farwell.ee\/ru\/wp-json\/wp\/v2\/media?parent=30373"}],"wp:term":[{"taxonomy":"product_brand","embeddable":true,"href":"https:\/\/farwell.ee\/ru\/wp-json\/wp\/v2\/product_brand?post=30373"},{"taxonomy":"product_cat","embeddable":true,"href":"https:\/\/farwell.ee\/ru\/wp-json\/wp\/v2\/product_cat?post=30373"},{"taxonomy":"product_tag","embeddable":true,"href":"https:\/\/farwell.ee\/ru\/wp-json\/wp\/v2\/product_tag?post=30373"}],"curies":[{"name":"wp","href":"https:\/\/api.w.org\/{rel}","templated":true}]}}