{"id":30345,"date":"2024-08-17T19:54:34","date_gmt":"2024-08-17T16:54:34","guid":{"rendered":"https:\/\/farwell.ee\/?post_type=product&#038;p=30345"},"modified":"2024-08-21T16:01:49","modified_gmt":"2024-08-21T13:01:49","slug":"eestlaetav-noudepesumasin-5-35kw-wsc-uhekordse-korpusega-kanali-pesuaine-ja-loputusaine-pumbaga-540-noud-h","status":"publish","type":"product","link":"https:\/\/farwell.ee\/ru\/product\/eestlaetav-noudepesumasin-5-35kw-wsc-uhekordse-korpusega-kanali-pesuaine-ja-loputusaine-pumbaga-540-noud-h\/","title":{"rendered":"Eestlaetav n\u00f5udepesumasin 5,35kW WSC, \u00fchekordse korpusega, kanali, pesuaine ja loputusaine pumbaga, 540 n\u00f5ud\/h"},"content":{"rendered":"","protected":false},"excerpt":{"rendered":"<p><strong>*hinnale lisandub k\u00e4ibemaks<\/strong><\/p>\n<div class=\"woocommerce-product-details__short-description\">\n<ul>\n<li>Seadmeks on Electrolux Professionali letialune n\u00f5udepesumasin, kuuma veega loputamisega, kasutades korvi m\u00f5\u00f5tudega 500 x 500 mm ja WASH SAFE CONTROL\u2019i<\/li>\n<li>Elektrilised omadused: 400 V, kolmefaasiline, 50 Hz, seade on kohapeal konverteeritav \u00fchefaasiliseks<\/li>\n<li>Pesut\u00f5hususe tagavad v\u00f5imas pesupump, suure mahutavusega pesupaak, \u00fclemised ja alumised p\u00f6\u00f6rlevad pihustihoovad<\/li>\n<li><span style=\"font-size: 1rem\">Pehme k\u00e4ivitusega pesupump, et v\u00e4ltida klaaside juhuslikku purunemist<\/span><\/li>\n<li><span style=\"font-size: 1rem\">P\u00fcsiva loputustemperatuuri ja r\u00f5hu tagavad sisseehitatud atmosf\u00e4\u00e4rboiler ja loputuspump<\/span><\/li>\n<li><span style=\"font-size: 1rem\">Seadmel on \u201cTurvalise <\/span><span style=\"font-size: 1rem\">pesu juhtimise\u201d LED-tuli. Roheline tuli n\u00e4itab, et k\u00f5ik pestud esemed on korralikult loputatud<\/span><\/li>\n<li><span style=\"font-size: 1rem\">\u00dche viimase loputuse jaoks kulub 3 liitrit puhast vett<\/span><\/li>\n<li><span style=\"font-size: 1rem\">Kolm automaatset ts\u00fcklit erinevat t\u00fc\u00fcpi n\u00f5ude pesemiseks <\/span><\/li>\n<li><span style=\"font-size: 1rem\">Kahekordse korpusega isoleeritud uks<\/span><\/li>\n<li><span style=\"font-size: 1rem\">304 AISI roostevabast terasest konstruktsioon, mis sisaldab ust, v\u00e4lispaneele, korvi raami ja pesupaaki<\/span><\/li>\n<li><span style=\"font-size: 1rem\">Elektrooniline juhtimine koos temperatuurin\u00e4idikuga <\/span><\/li>\n<li><span style=\"font-size: 1rem\">Automaatne isepuhastusts\u00fckkel<\/span><\/li>\n<li><span style=\"font-size: 1rem\">Seade peab sisaldab \u00e4ravoolupumpa, pesuaine- ja loputusvahendi dosaatoripumpasid ning on varustatud elektrikaabliga<\/span><\/li>\n<\/ul>\n<\/div>\n<p>M\u00f5\u00f5tmed: 600x648x820 mm<\/p>\n<p>V\u00f5imsus: 5.35 kW<\/p>\n<p>Kaubam\u00e4rk: Electrolux Professional<\/p>\n<p>Tooteleht: <a href=\"https:\/\/farwell.ee\/wp-content\/uploads\/400223.pdf\">400223<\/a><\/p>","protected":false},"featured_media":30348,"template":"","meta":{"_acf_changed":false,"inline_featured_image":false},"product_brand":[],"product_cat":[9798],"product_tag":[],"class_list":{"0":"post-30345","1":"product","2":"type-product","3":"status-publish","4":"has-post-thumbnail","6":"product_cat-eestlaetavad-noudepesumasinad","8":"first","9":"outofstock","10":"shipping-taxable","11":"purchasable","12":"product-type-simple"},"acf":[],"_links":{"self":[{"href":"https:\/\/farwell.ee\/ru\/wp-json\/wp\/v2\/product\/30345","targetHints":{"allow":["GET"]}}],"collection":[{"href":"https:\/\/farwell.ee\/ru\/wp-json\/wp\/v2\/product"}],"about":[{"href":"https:\/\/farwell.ee\/ru\/wp-json\/wp\/v2\/types\/product"}],"wp:featuredmedia":[{"embeddable":true,"href":"https:\/\/farwell.ee\/ru\/wp-json\/wp\/v2\/media\/30348"}],"wp:attachment":[{"href":"https:\/\/farwell.ee\/ru\/wp-json\/wp\/v2\/media?parent=30345"}],"wp:term":[{"taxonomy":"product_brand","embeddable":true,"href":"https:\/\/farwell.ee\/ru\/wp-json\/wp\/v2\/product_brand?post=30345"},{"taxonomy":"product_cat","embeddable":true,"href":"https:\/\/farwell.ee\/ru\/wp-json\/wp\/v2\/product_cat?post=30345"},{"taxonomy":"product_tag","embeddable":true,"href":"https:\/\/farwell.ee\/ru\/wp-json\/wp\/v2\/product_tag?post=30345"}],"curies":[{"name":"wp","href":"https:\/\/api.w.org\/{rel}","templated":true}]}}