{"id":30342,"date":"2024-08-17T19:43:56","date_gmt":"2024-08-17T16:43:56","guid":{"rendered":"https:\/\/farwell.ee\/?post_type=product&#038;p=30342"},"modified":"2024-08-21T16:02:42","modified_gmt":"2024-08-21T13:02:42","slug":"eestlaetav-noudepesumasin-5-35kw-rohuboileriga-uhekordse-korpusega-kanali-pesuaine-ja-loputusaine-pumbaga","status":"publish","type":"product","link":"https:\/\/farwell.ee\/ru\/product\/eestlaetav-noudepesumasin-5-35kw-rohuboileriga-uhekordse-korpusega-kanali-pesuaine-ja-loputusaine-pumbaga\/","title":{"rendered":"Eestlaetav n\u00f5udepesumasin 5,35kW r\u00f5huboileriga, \u00fchekordse korpusega, kanali, pesuaine ja loputusaine pumbaga"},"content":{"rendered":"","protected":false},"excerpt":{"rendered":"<div class=\"woocommerce-product-details__short-description\">\n<p><strong>*hinnale lisandub k\u00e4ibemaks<\/strong><\/p>\n<ul>\n<li>Seade on Electrolux Professional\u2019i eestlaetav n\u00f5udepesumasin, kuuma veega loputamine, korvi m\u00f5\u00f5tmed 500*500 mm<\/li>\n<li>Elektrilised omadused: 400 volti, kolmefaasilised, 50Hz, kohapeal v\u00f5imalik muuta \u00fchefaasiliseks<\/li>\n<li>Pesemisv\u00f5ime tagab v\u00f5imas pesupump, suure mahutavusega pesupaak, \u00fclemised ja alumised p\u00f6\u00f6rlevad pesuvarred<\/li>\n<li><span style=\"font-size: 1rem\">Pehme k\u00e4ivitusega pesupump, et v\u00e4ltida klaaside juhuslikku purunemist<\/span><\/li>\n<li><span style=\"font-size: 1rem\">Loputamise temperatuur ja r\u00f5hk tagatakse sisseehitatud surveboileriga<\/span><\/li>\n<li><span style=\"font-size: 1rem\">Viimasele loputusele kulub 3 liitrit puhast vett<\/span><\/li>\n<li><span style=\"font-size: 1rem\">Kaks automaatset ts\u00fcklit, erinevat t\u00fc\u00fcpi n\u00f5ude jaoks<\/span><\/li>\n<li><span style=\"font-size: 1rem\">Kahekordne soojustatud uks<\/span><\/li>\n<li><span style=\"font-size: 1rem\">304 AISI <\/span><span style=\"font-size: 1rem\">roostevabast terasest konstruktsioon sisaldab ust, v\u00e4liseid paneele, raami ja pesupaaki<\/span><\/li>\n<li><span style=\"font-size: 1rem\">Elektrooniline juhtimine koos temperatuuri n\u00e4idikuga<\/span><\/li>\n<li><span style=\"font-size: 1rem\">Automaatne isepuhastusts\u00fckkel<\/span><\/li>\n<li><span style=\"font-size: 1rem\">Seade sisaldab kanalisatsioonipumpa, pesuaine ja loputusvahendi pumpasid ning on varustatud elektrikaabliga<\/span><\/li>\n<\/ul>\n<p>M\u00f5\u00f5tmed: 600x648x820 mm<\/p>\n<p>V\u00f5imsus: 5.35 kW<\/p>\n<p>Kaubam\u00e4rk: Electrolux Professional<\/p>\n<p>Tooteleht: <a href=\"https:\/\/farwell.ee\/wp-content\/uploads\/400213.pdf\">400213<\/a><\/p>\n<\/div>\n<div class=\"woocommerce-tabs wc-tabs-wrapper\">\n<div id=\"tab-description\" class=\"woocommerce-Tabs-panel woocommerce-Tabs-panel--description panel entry-content wc-tab\" role=\"tabpanel\" aria-labelledby=\"tab-title-description\"><\/div>\n<\/div>","protected":false},"featured_media":30343,"template":"","meta":{"_acf_changed":false,"inline_featured_image":false},"product_brand":[],"product_cat":[9798],"product_tag":[],"class_list":{"0":"post-30342","1":"product","2":"type-product","3":"status-publish","4":"has-post-thumbnail","6":"product_cat-eestlaetavad-noudepesumasinad","8":"first","9":"outofstock","10":"shipping-taxable","11":"purchasable","12":"product-type-simple"},"acf":[],"_links":{"self":[{"href":"https:\/\/farwell.ee\/ru\/wp-json\/wp\/v2\/product\/30342","targetHints":{"allow":["GET"]}}],"collection":[{"href":"https:\/\/farwell.ee\/ru\/wp-json\/wp\/v2\/product"}],"about":[{"href":"https:\/\/farwell.ee\/ru\/wp-json\/wp\/v2\/types\/product"}],"wp:featuredmedia":[{"embeddable":true,"href":"https:\/\/farwell.ee\/ru\/wp-json\/wp\/v2\/media\/30343"}],"wp:attachment":[{"href":"https:\/\/farwell.ee\/ru\/wp-json\/wp\/v2\/media?parent=30342"}],"wp:term":[{"taxonomy":"product_brand","embeddable":true,"href":"https:\/\/farwell.ee\/ru\/wp-json\/wp\/v2\/product_brand?post=30342"},{"taxonomy":"product_cat","embeddable":true,"href":"https:\/\/farwell.ee\/ru\/wp-json\/wp\/v2\/product_cat?post=30342"},{"taxonomy":"product_tag","embeddable":true,"href":"https:\/\/farwell.ee\/ru\/wp-json\/wp\/v2\/product_tag?post=30342"}],"curies":[{"name":"wp","href":"https:\/\/api.w.org\/{rel}","templated":true}]}}