{"id":30338,"date":"2024-08-17T19:35:42","date_gmt":"2024-08-17T16:35:42","guid":{"rendered":"https:\/\/farwell.ee\/?post_type=product&#038;p=30338"},"modified":"2024-08-21T16:03:15","modified_gmt":"2024-08-21T13:03:15","slug":"eestlaetav-noudepesumasin-5-35kw-uhekordse-korpusega-kanali-ja-loputusaine-pumbaga-540-noud-h","status":"publish","type":"product","link":"https:\/\/farwell.ee\/ru\/product\/eestlaetav-noudepesumasin-5-35kw-uhekordse-korpusega-kanali-ja-loputusaine-pumbaga-540-noud-h\/","title":{"rendered":"Eestlaetav n\u00f5udepesumasin 5,35kW \u00fchekordse korpusega, kanali- ja loputusaine pumbaga, 540 n\u00f5ud\/h"},"content":{"rendered":"","protected":false},"excerpt":{"rendered":"<div class=\"woocommerce-product-details__short-description\">\n<p><strong>*hinnale lisandub k\u00e4ibemaks<\/strong><\/p>\n<ul>\n<li>Seadmeks on letialune n\u00f5udepesumasin, kuuma veega loputus, korvi m\u00f5\u00f5tmetega 500 x 500 mm<\/li>\n<li>Elektrilised omadused: 400V, 3 faasi 50Hz<\/li>\n<li>Pesut\u00f5hususe tagavad v\u00f5imas pesupump, suure mahutavusega pesupaak, \u00fclemised ja alumised p\u00f6\u00f6rlevad pihustihoovad<\/li>\n<li>Pehme k\u00e4ivitusega pesupump, et v\u00e4ltida klaaside juhuslikku purunemist<\/li>\n<li><span style=\"font-size: 1rem\">Loputustemperatuuri ja -surve tagab sisseehitatud surveboiler<\/span><\/li>\n<li><span style=\"font-size: 1rem\">\u00dche viimase loputuse jaoks kulub 3 liitrit puhast vett<\/span><\/li>\n<li><span style=\"font-size: 1rem\">Kaks automaatset ts\u00fcklit erinevat t\u00fc\u00fcpi n\u00f5ude jaoks<\/span><\/li>\n<li><span style=\"font-size: 1rem\">Kahekordse kihiga isoleeritud uks<\/span><\/li>\n<li><span style=\"font-size: 1rem\">304 AISI roostevabast terasest konstruktsioon, mis sisaldab ust, v\u00e4lispaneele, korvi raami ja pesupaaki<\/span><\/li>\n<li><span style=\"font-size: 1rem\">Elektrooniline juhtimine temperatuurin\u00e4idikuga<\/span><\/li>\n<li><span style=\"font-size: 1rem\">Automaatne isepuhastusts\u00fckkel<\/span><\/li>\n<li><span style=\"font-size: 1rem\">Seade sisaldab \u00e4ravoolupumpa ja loputusvahendi dosaatoripumpa ning on varustatud elektrikaabliga<\/span><\/li>\n<\/ul>\n<\/div>\n<p>M\u00f5\u00f5tmed: 600x648x820 mm<\/p>\n<p>V\u00f5imsus: 5.35 kW<\/p>\n<p>Kaubam\u00e4rk: Electrolux Professional<\/p>\n<p>Tooteleht: <a href=\"https:\/\/farwell.ee\/wp-content\/uploads\/400258.pdf\">400258<\/a><\/p>","protected":false},"featured_media":30341,"template":"","meta":{"_acf_changed":false,"inline_featured_image":false},"product_brand":[],"product_cat":[9798],"product_tag":[],"class_list":{"0":"post-30338","1":"product","2":"type-product","3":"status-publish","4":"has-post-thumbnail","6":"product_cat-eestlaetavad-noudepesumasinad","8":"first","9":"outofstock","10":"shipping-taxable","11":"purchasable","12":"product-type-simple"},"acf":[],"_links":{"self":[{"href":"https:\/\/farwell.ee\/ru\/wp-json\/wp\/v2\/product\/30338","targetHints":{"allow":["GET"]}}],"collection":[{"href":"https:\/\/farwell.ee\/ru\/wp-json\/wp\/v2\/product"}],"about":[{"href":"https:\/\/farwell.ee\/ru\/wp-json\/wp\/v2\/types\/product"}],"wp:featuredmedia":[{"embeddable":true,"href":"https:\/\/farwell.ee\/ru\/wp-json\/wp\/v2\/media\/30341"}],"wp:attachment":[{"href":"https:\/\/farwell.ee\/ru\/wp-json\/wp\/v2\/media?parent=30338"}],"wp:term":[{"taxonomy":"product_brand","embeddable":true,"href":"https:\/\/farwell.ee\/ru\/wp-json\/wp\/v2\/product_brand?post=30338"},{"taxonomy":"product_cat","embeddable":true,"href":"https:\/\/farwell.ee\/ru\/wp-json\/wp\/v2\/product_cat?post=30338"},{"taxonomy":"product_tag","embeddable":true,"href":"https:\/\/farwell.ee\/ru\/wp-json\/wp\/v2\/product_tag?post=30338"}],"curies":[{"name":"wp","href":"https:\/\/api.w.org\/{rel}","templated":true}]}}