{"id":30334,"date":"2024-08-17T19:28:07","date_gmt":"2024-08-17T16:28:07","guid":{"rendered":"https:\/\/farwell.ee\/?post_type=product&#038;p=30334"},"modified":"2024-08-21T16:03:45","modified_gmt":"2024-08-21T13:03:45","slug":"eestlaetav-noudepesumasin-5-35kw-rohuboileriga-kanali-ja-loputusaine-pumbaga-540-noud-h","status":"publish","type":"product","link":"https:\/\/farwell.ee\/ru\/product\/eestlaetav-noudepesumasin-5-35kw-rohuboileriga-kanali-ja-loputusaine-pumbaga-540-noud-h\/","title":{"rendered":"Eestlaetav n\u00f5udepesumasin 5,35kW r\u00f5huboileriga, kanali- ja loputusaine pumbaga, 540 n\u00f5ud\/h"},"content":{"rendered":"","protected":false},"excerpt":{"rendered":"<p><strong>*hinnale lisandub k\u00e4ibemaks<\/strong><\/p>\n<ul>\n<li>Seade on Electrolux Professional&#8217;i eestlaetav n\u00f5udepesumasin, kuuma veega loputamine, korvi m\u00f5\u00f5tmed 500*500 mm<\/li>\n<li>Elektrilised omadused: 400 volti, kolmefaasilised, 50Hz, kohapeal v\u00f5imalik muuta \u00fchefaasiliseks<\/li>\n<li>Pesemisv\u00f5ime tagab v\u00f5imas pesupump, suure mahutavusega pesupaak, \u00fclemised ja alumised p\u00f6\u00f6rlevad pesuvarred<\/li>\n<li>Pehme k\u00e4ivitusega pesupump, et v\u00e4ltida klaaside juhuslikku purunemist<\/li>\n<li>Loputamise temperatuur ja r\u00f5hk tagatakse sisseehitatud surveboileriga<\/li>\n<li>Viimasele loputusele kulub 3 liitrit puhast vett<\/li>\n<li>Kaks automaatset ts\u00fcklit, erinevat t\u00fc\u00fcpi n\u00f5ude jaoks<\/li>\n<li>Kahekordne soojustatud uks<\/li>\n<li>304 AISI roostevabast terasest konstruktsioon sisaldab ust, v\u00e4liseid paneele, raami ja pesupaaki<\/li>\n<li>Elektrooniline juhtimine koos temperatuuri n\u00e4idikuga<\/li>\n<li>Automaatne isepuhastusts\u00fckkel<\/li>\n<li>Seade sisaldab kanalisatsioonipumpa, loputusvahendi pumpa ja on varustatud elektrikaabliga<\/li>\n<\/ul>\n<p>M\u00f5\u00f5tmed: 600x648x820 mm<\/p>\n<p>V\u00f5imsus: 5.35 kW<\/p>\n<p>Kaubam\u00e4rk: Electrolux Professional<\/p>\n<p>Tooteleht: <a href=\"https:\/\/farwell.ee\/wp-content\/uploads\/400212-1.pdf\">400212-1<\/a><\/p>","protected":false},"featured_media":30335,"template":"","meta":{"_acf_changed":false,"inline_featured_image":false},"product_brand":[],"product_cat":[9798],"product_tag":[],"class_list":{"0":"post-30334","1":"product","2":"type-product","3":"status-publish","4":"has-post-thumbnail","6":"product_cat-eestlaetavad-noudepesumasinad","8":"first","9":"outofstock","10":"shipping-taxable","11":"purchasable","12":"product-type-simple"},"acf":[],"_links":{"self":[{"href":"https:\/\/farwell.ee\/ru\/wp-json\/wp\/v2\/product\/30334","targetHints":{"allow":["GET"]}}],"collection":[{"href":"https:\/\/farwell.ee\/ru\/wp-json\/wp\/v2\/product"}],"about":[{"href":"https:\/\/farwell.ee\/ru\/wp-json\/wp\/v2\/types\/product"}],"wp:featuredmedia":[{"embeddable":true,"href":"https:\/\/farwell.ee\/ru\/wp-json\/wp\/v2\/media\/30335"}],"wp:attachment":[{"href":"https:\/\/farwell.ee\/ru\/wp-json\/wp\/v2\/media?parent=30334"}],"wp:term":[{"taxonomy":"product_brand","embeddable":true,"href":"https:\/\/farwell.ee\/ru\/wp-json\/wp\/v2\/product_brand?post=30334"},{"taxonomy":"product_cat","embeddable":true,"href":"https:\/\/farwell.ee\/ru\/wp-json\/wp\/v2\/product_cat?post=30334"},{"taxonomy":"product_tag","embeddable":true,"href":"https:\/\/farwell.ee\/ru\/wp-json\/wp\/v2\/product_tag?post=30334"}],"curies":[{"name":"wp","href":"https:\/\/api.w.org\/{rel}","templated":true}]}}