{"id":30309,"date":"2024-08-13T15:15:04","date_gmt":"2024-08-13T12:15:04","guid":{"rendered":"https:\/\/farwell.ee\/toode\/klaaskaas-24-26-28cm-silikoonist-servaga\/"},"modified":"2026-04-16T14:00:13","modified_gmt":"2026-04-16T11:00:13","slug":"klaaskaas-24-26-28cm-silikoonist-servaga","status":"publish","type":"product","link":"https:\/\/farwell.ee\/ru\/product\/klaaskaas-24-26-28cm-silikoonist-servaga\/","title":{"rendered":"Klaaskaas 24-26-28cm silikoonist servaga"},"content":{"rendered":"","protected":false},"excerpt":{"rendered":"<p>Universaalne klaaskaas sobib erinevatele pottidele ja pannidele, mille sisel\u00e4bim\u00f5\u00f5t on 24, 26 v\u00f5i 28cm.<br \/>\nKuumakindel &#8211; v\u00f5ib kasutada ka ahjus, max. +240 kraadi.<br \/>\nKaanes auruava.<br \/>\nN\u00f5udepesumasinas pestav.<\/p>","protected":false},"featured_media":30308,"template":"","meta":{"_acf_changed":false,"inline_featured_image":false},"product_brand":[],"product_cat":[152],"product_tag":[],"class_list":{"0":"post-30309","1":"product","2":"type-product","3":"status-publish","4":"has-post-thumbnail","6":"product_cat-pannid","7":"pa_kaubamark-ibili","9":"first","10":"instock","11":"shipping-taxable","12":"purchasable","13":"product-type-simple"},"acf":[],"_links":{"self":[{"href":"https:\/\/farwell.ee\/ru\/wp-json\/wp\/v2\/product\/30309","targetHints":{"allow":["GET"]}}],"collection":[{"href":"https:\/\/farwell.ee\/ru\/wp-json\/wp\/v2\/product"}],"about":[{"href":"https:\/\/farwell.ee\/ru\/wp-json\/wp\/v2\/types\/product"}],"wp:featuredmedia":[{"embeddable":true,"href":"https:\/\/farwell.ee\/ru\/wp-json\/wp\/v2\/media\/30308"}],"wp:attachment":[{"href":"https:\/\/farwell.ee\/ru\/wp-json\/wp\/v2\/media?parent=30309"}],"wp:term":[{"taxonomy":"product_brand","embeddable":true,"href":"https:\/\/farwell.ee\/ru\/wp-json\/wp\/v2\/product_brand?post=30309"},{"taxonomy":"product_cat","embeddable":true,"href":"https:\/\/farwell.ee\/ru\/wp-json\/wp\/v2\/product_cat?post=30309"},{"taxonomy":"product_tag","embeddable":true,"href":"https:\/\/farwell.ee\/ru\/wp-json\/wp\/v2\/product_tag?post=30309"}],"curies":[{"name":"wp","href":"https:\/\/api.w.org\/{rel}","templated":true}]}}