{"id":30254,"date":"2024-08-12T11:30:06","date_gmt":"2024-08-12T08:30:06","guid":{"rendered":"https:\/\/farwell.ee\/toode\/paninigrill-ehk-voileivagrill-2-sektsiooniga-voimsus-3600w-2\/"},"modified":"2026-01-09T10:45:10","modified_gmt":"2026-01-09T08:45:10","slug":"paninigrill-ehk-voileivagrill-2-sektsiooniga-voimsus-3600w-2","status":"publish","type":"product","link":"https:\/\/farwell.ee\/ru\/product\/paninigrill-ehk-voileivagrill-2-sektsiooniga-voimsus-3600w-2\/","title":{"rendered":"Paninigrill ehk v\u00f5ileivagrill 2-sektsiooniga, v\u00f5imsus 3600W"},"content":{"rendered":"","protected":false},"excerpt":{"rendered":"<p>Varustatud kahe s\u00f5ltumatult juhitava termostaadiga.<br \/>\nT\u00f6\u00f6pind 475x230mm.<br \/>\n\u00dclemised pinnad rihveldatud, alumine sile.<br \/>\nTemperatuuri reguleerimine vahemikus +50\u02daC kuni +300\u02daC.<br \/>\nGrilli puhastushari kuulub komplekti.<\/p>\n<p>Sobib suurep\u00e4raselt leiva, liha, vorstide, juurviljade jms grillimiseks ja soojendamiseks.<br \/>\nEmailitud malmist restid, mida on lihtne puhastada ja hooldada.<br \/>\n18\/0 roostevabast terasest valmistatud korpus tagab vastupidavuse.<br \/>\nSuure v\u00f5imsusega k\u00fctteelemendid soojendavad kontaktpinnad kiiresti kuumaks.<br \/>\nVentilatsiooniavad kaitsevad kontaktgrilli \u00fclekuumenemise eest.<br \/>\nAlumisel grillpinnal on tagumised ja k\u00fclgmised servad ning eemaldatav tilkumisalus, mis muudab puhastamise lihtsamaks.<br \/>\nKuumakindel k\u00e4epide ja lukustatava vedrumehhanismiga kaas.<br \/>\nVarustatud toitel\u00fclitiga koos integreeritud m\u00e4rgutulega, eelsoojendustulega ja 1,7m maandatud pistikuga toitekaabliga.<br \/>\nKummist jalgadega, mis v\u00e4hendab juhuslikku liikumist kasutamise ajal.<\/p>","protected":false},"featured_media":36421,"template":"","meta":{"_acf_changed":false,"inline_featured_image":false},"product_brand":[],"product_cat":[12397],"product_tag":[9768],"class_list":{"0":"post-30254","1":"product","2":"type-product","3":"status-publish","4":"has-post-thumbnail","6":"product_cat-voileivagrillid","7":"product_tag-kontaktgrill","8":"pa_kaubamark-hendi","10":"first","11":"outofstock","12":"shipping-taxable","13":"purchasable","14":"product-type-simple"},"acf":[],"_links":{"self":[{"href":"https:\/\/farwell.ee\/ru\/wp-json\/wp\/v2\/product\/30254","targetHints":{"allow":["GET"]}}],"collection":[{"href":"https:\/\/farwell.ee\/ru\/wp-json\/wp\/v2\/product"}],"about":[{"href":"https:\/\/farwell.ee\/ru\/wp-json\/wp\/v2\/types\/product"}],"wp:featuredmedia":[{"embeddable":true,"href":"https:\/\/farwell.ee\/ru\/wp-json\/wp\/v2\/media\/36421"}],"wp:attachment":[{"href":"https:\/\/farwell.ee\/ru\/wp-json\/wp\/v2\/media?parent=30254"}],"wp:term":[{"taxonomy":"product_brand","embeddable":true,"href":"https:\/\/farwell.ee\/ru\/wp-json\/wp\/v2\/product_brand?post=30254"},{"taxonomy":"product_cat","embeddable":true,"href":"https:\/\/farwell.ee\/ru\/wp-json\/wp\/v2\/product_cat?post=30254"},{"taxonomy":"product_tag","embeddable":true,"href":"https:\/\/farwell.ee\/ru\/wp-json\/wp\/v2\/product_tag?post=30254"}],"curies":[{"name":"wp","href":"https:\/\/api.w.org\/{rel}","templated":true}]}}