{"id":30224,"date":"2024-08-09T10:30:04","date_gmt":"2024-08-09T07:30:04","guid":{"rendered":"https:\/\/farwell.ee\/toode\/moodunoude-komplekt-1-5-15-50-100ml-plastikust\/"},"modified":"2025-10-17T16:15:04","modified_gmt":"2025-10-17T13:15:04","slug":"moodunoude-komplekt-1-5-15-50-100ml-plastikust","status":"publish","type":"product","link":"https:\/\/farwell.ee\/ru\/product\/moodunoude-komplekt-1-5-15-50-100ml-plastikust\/","title":{"rendered":"M\u00f5\u00f5dun\u00f5ude komplekt 1\/5\/15\/50\/100ml plastikust"},"content":{"rendered":"","protected":false},"excerpt":{"rendered":"","protected":false},"featured_media":30223,"template":"","meta":{"_acf_changed":false,"inline_featured_image":false},"product_brand":[],"product_cat":[150],"product_tag":[],"class_list":{"0":"post-30224","1":"product","2":"type-product","3":"status-publish","4":"has-post-thumbnail","6":"product_cat-moodukannud-lehtrid-ja-ambrid","7":"pa_kaubamark-merx","9":"first","10":"instock","11":"shipping-taxable","12":"purchasable","13":"product-type-simple"},"acf":[],"_links":{"self":[{"href":"https:\/\/farwell.ee\/ru\/wp-json\/wp\/v2\/product\/30224","targetHints":{"allow":["GET"]}}],"collection":[{"href":"https:\/\/farwell.ee\/ru\/wp-json\/wp\/v2\/product"}],"about":[{"href":"https:\/\/farwell.ee\/ru\/wp-json\/wp\/v2\/types\/product"}],"wp:featuredmedia":[{"embeddable":true,"href":"https:\/\/farwell.ee\/ru\/wp-json\/wp\/v2\/media\/30223"}],"wp:attachment":[{"href":"https:\/\/farwell.ee\/ru\/wp-json\/wp\/v2\/media?parent=30224"}],"wp:term":[{"taxonomy":"product_brand","embeddable":true,"href":"https:\/\/farwell.ee\/ru\/wp-json\/wp\/v2\/product_brand?post=30224"},{"taxonomy":"product_cat","embeddable":true,"href":"https:\/\/farwell.ee\/ru\/wp-json\/wp\/v2\/product_cat?post=30224"},{"taxonomy":"product_tag","embeddable":true,"href":"https:\/\/farwell.ee\/ru\/wp-json\/wp\/v2\/product_tag?post=30224"}],"curies":[{"name":"wp","href":"https:\/\/api.w.org\/{rel}","templated":true}]}}