{"id":30157,"date":"2024-08-07T15:05:05","date_gmt":"2024-08-07T12:05:05","guid":{"rendered":"https:\/\/farwell.ee\/?post_type=product&#038;p=30157"},"modified":"2024-08-08T09:35:21","modified_gmt":"2024-08-08T06:35:21","slug":"kutter-mikser-7l-reguleeritava-kiirusega","status":"publish","type":"product","link":"https:\/\/farwell.ee\/ru\/product\/kutter-mikser-7l-reguleeritava-kiirusega\/","title":{"rendered":"Kutter-mikser 7L reguleeritava kiirusega"},"content":{"rendered":"","protected":false},"excerpt":{"rendered":"<p><b>*hinnale lisandub k\u00e4ibemaks<\/b><\/p>\n<ul>\n<li>Kaks \u00fches masin: lauapealne kutter ja emulgaator et, p\u00fcreestada, segada ja hakkida m\u00f5ne sekundi jooksul<\/li>\n<li>7-liitrine roostevabast terasest kauss, mis on unikaalse disainiga<\/li>\n<li>Sobilik nii suurte kui ka v\u00e4ikeste koguste segamiseks ja t\u00fckeldamiseks<\/li>\n<li>K\u00f5rge tsentraalne toru suurendab n\u00f5u tegelikku mahutavust (kasutage kuni 75% nimimahutavusest)<\/li>\n<li>L\u00e4bipaistev kaas v\u00f5imaldab mugavalt kontrollida toidu konsistentsi ja ka lisada t\u00e4iendavaid koostisosi ilma kaant avamata<\/li>\n<li>Hingedega kaas p\u00fcsib avamisel fikseeritud asendis, et v\u00f5imaldada ettevalmistuste kiiret ja h\u00f5lpsat kontrollimist<\/li>\n<li>Integreeritud ergonoomiline ja kergesti eemaldatav kaabits vastupidavast komposiitmaterjalist parema l\u00f5pptulemuse tagamiseks<\/li>\n<li>420 AISI roostevabast mikrohammastega terad<\/li>\n<li>K\u00f5ik toiduga kokku puutuvad osad on eemaldatavad, lahtiv\u00f5etavad ja n\u00f5udepesumasinas pestavad<\/li>\n<li>Mitmed ohutusseadmed tagavad, et masin t\u00f6\u00f6tab ainult siis, kui kate on korralikult suletud ja k\u00f5ik osad on \u00f5igesti paigaldatud<\/li>\n<li>As\u00fcnkroonne t\u00f6\u00f6stuslik mootor suure koormusega t\u00f6\u00f6ks ja seadme pikemaks elueaks<\/li>\n<li>Lame ja veekindel juhtpaneel sisse\/v\u00e4lja nupuga, impulsi funktsioon ja sujuvalt reguleeritav kiirus (300-3700 p\/min)<\/li>\n<li>V\u00f5imalik muuta kolm \u00fches masinaks lisades k\u00f6\u00f6giviljat\u00fckelduseks m\u00f5eldud mooduli<\/li>\n<\/ul>\n<p>M\u00f5\u00f5tmed: 256x422x522 mm<\/p>\n<p>V\u00f5imsus: 1.5 kW<\/p>\n<p>Kaubam\u00e4rk: Electrolux Professional<\/p>\n<p>Tooteleht: <a href=\"https:\/\/farwell.ee\/wp-content\/uploads\/600514.pdf\">600514<\/a><\/p>","protected":false},"featured_media":30158,"template":"","meta":{"_acf_changed":false,"inline_featured_image":false},"product_brand":[],"product_cat":[9713],"product_tag":[],"class_list":{"0":"post-30157","1":"product","2":"type-product","3":"status-publish","4":"has-post-thumbnail","6":"product_cat-kutterid","8":"first","9":"outofstock","10":"shipping-taxable","11":"purchasable","12":"product-type-simple"},"acf":[],"_links":{"self":[{"href":"https:\/\/farwell.ee\/ru\/wp-json\/wp\/v2\/product\/30157","targetHints":{"allow":["GET"]}}],"collection":[{"href":"https:\/\/farwell.ee\/ru\/wp-json\/wp\/v2\/product"}],"about":[{"href":"https:\/\/farwell.ee\/ru\/wp-json\/wp\/v2\/types\/product"}],"wp:featuredmedia":[{"embeddable":true,"href":"https:\/\/farwell.ee\/ru\/wp-json\/wp\/v2\/media\/30158"}],"wp:attachment":[{"href":"https:\/\/farwell.ee\/ru\/wp-json\/wp\/v2\/media?parent=30157"}],"wp:term":[{"taxonomy":"product_brand","embeddable":true,"href":"https:\/\/farwell.ee\/ru\/wp-json\/wp\/v2\/product_brand?post=30157"},{"taxonomy":"product_cat","embeddable":true,"href":"https:\/\/farwell.ee\/ru\/wp-json\/wp\/v2\/product_cat?post=30157"},{"taxonomy":"product_tag","embeddable":true,"href":"https:\/\/farwell.ee\/ru\/wp-json\/wp\/v2\/product_tag?post=30157"}],"curies":[{"name":"wp","href":"https:\/\/api.w.org\/{rel}","templated":true}]}}