{"id":30154,"date":"2024-08-07T14:54:50","date_gmt":"2024-08-07T11:54:50","guid":{"rendered":"https:\/\/farwell.ee\/?post_type=product&#038;p=30154"},"modified":"2024-08-08T09:34:26","modified_gmt":"2024-08-08T06:34:26","slug":"kutter-mikser-5-5l-reguleeritava-kiirusega","status":"publish","type":"product","link":"https:\/\/farwell.ee\/ru\/product\/kutter-mikser-5-5l-reguleeritava-kiirusega\/","title":{"rendered":"Kutter-mikser 5,5L reguleeritava kiirusega"},"content":{"rendered":"","protected":false},"excerpt":{"rendered":"<p><b>*hinnale lisandub k\u00e4ibemaks<\/b><\/p>\n<div class=\"woocommerce-product-details__short-description\">\n<ul>\n<li>Kaks \u00fches masin: lauapealne kutter ja emulgaator et, p\u00fcreestada, segada ja hakkida m\u00f5ne sekundi jooksul<\/li>\n<li><span style=\"font-size: 1rem\">5,5-liitrine roostevabast terasest kauss, mis on unikaalse disainiga<\/span><\/li>\n<li><span style=\"font-size: 1rem\">Sobilik nii suurte kui ka v\u00e4ikeste koguste segamiseks ja t\u00fckeldamiseks<\/span><\/li>\n<li><span style=\"font-size: 1rem\">K\u00f5rge tsentraalne toru suurendab n\u00f5u tegelikku mahutavust (kasutage kuni 75% nimimahutavusest)<\/span><\/li>\n<li><span style=\"font-size: 1rem\">L\u00e4bipaistev kaas v\u00f5imaldab mugavalt kontrollida toidu konsistentsi ja ka lisada t\u00e4iendavaid <\/span><span style=\"font-size: 1rem\">koostisosi ilma kaant avamata<\/span><\/li>\n<li><span style=\"font-size: 1rem\">Hingedega kaas p\u00fcsib avamisel fikseeritud asendis, et v\u00f5imaldada ettevalmistuste kiiret ja h\u00f5lpsat kontrollimist<\/span><\/li>\n<li><span style=\"font-size: 1rem\">Integreeritud ergonoomiline ja kergesti eemaldatav kaabits vastupidavast komposiitmaterjalist parema l\u00f5pptulemuse tagamiseks<\/span><\/li>\n<li><span style=\"font-size: 1rem\">420 AISI roostevabast mikrohammastega terad<\/span><\/li>\n<li><span style=\"font-size: 1rem\">K\u00f5ik toiduga kokku puutuvad osad on eemaldatavad, lahtiv\u00f5etavad ja n\u00f5udepesumasinas pestavad<\/span><\/li>\n<li><span style=\"font-size: 1rem\">Mitmed ohutusseadmed tagavad, et masin t\u00f6\u00f6tab ainult siis, kui kate on korralikultsuletud ja k\u00f5ik osad on \u00f5igesti paigaldatud<\/span><\/li>\n<li><span style=\"font-size: 1rem\">As\u00fcnkroonne t\u00f6\u00f6stuslik mootor suure koormusega t\u00f6\u00f6ks ja seadme pikemaks elueaks<\/span><\/li>\n<li><span style=\"font-size: 1rem\">Lame ja veekindel juhtpaneel sisse\/v\u00e4lja nupuga, impulsi funktsioon ja sujuvalt reguleeritav kiirus (300-3700 p\/min)<\/span><\/li>\n<li><span style=\"font-size: 1rem\">V\u00f5imalik muuta kolm \u00fches masinaks lisades k\u00f6\u00f6giviljat\u00fckelduseks m\u00f5eldud mooduli<\/span><\/li>\n<\/ul>\n<\/div>\n<p>M\u00f5\u00f5tmed: 256x415x482 mm<\/p>\n<p>V\u00f5imsus: 1.3 kW<\/p>\n<p>Kaubam\u00e4rk: Electrolux Professional<\/p>\n<p>Tooteleht: <a href=\"https:\/\/farwell.ee\/wp-content\/uploads\/600511.pdf\">600511<\/a><\/p>","protected":false},"featured_media":30155,"template":"","meta":{"_acf_changed":false,"inline_featured_image":false},"product_brand":[],"product_cat":[9713],"product_tag":[],"class_list":{"0":"post-30154","1":"product","2":"type-product","3":"status-publish","4":"has-post-thumbnail","6":"product_cat-kutterid","8":"first","9":"outofstock","10":"shipping-taxable","11":"purchasable","12":"product-type-simple"},"acf":[],"_links":{"self":[{"href":"https:\/\/farwell.ee\/ru\/wp-json\/wp\/v2\/product\/30154","targetHints":{"allow":["GET"]}}],"collection":[{"href":"https:\/\/farwell.ee\/ru\/wp-json\/wp\/v2\/product"}],"about":[{"href":"https:\/\/farwell.ee\/ru\/wp-json\/wp\/v2\/types\/product"}],"wp:featuredmedia":[{"embeddable":true,"href":"https:\/\/farwell.ee\/ru\/wp-json\/wp\/v2\/media\/30155"}],"wp:attachment":[{"href":"https:\/\/farwell.ee\/ru\/wp-json\/wp\/v2\/media?parent=30154"}],"wp:term":[{"taxonomy":"product_brand","embeddable":true,"href":"https:\/\/farwell.ee\/ru\/wp-json\/wp\/v2\/product_brand?post=30154"},{"taxonomy":"product_cat","embeddable":true,"href":"https:\/\/farwell.ee\/ru\/wp-json\/wp\/v2\/product_cat?post=30154"},{"taxonomy":"product_tag","embeddable":true,"href":"https:\/\/farwell.ee\/ru\/wp-json\/wp\/v2\/product_tag?post=30154"}],"curies":[{"name":"wp","href":"https:\/\/api.w.org\/{rel}","templated":true}]}}