{"id":30138,"date":"2024-08-06T14:45:05","date_gmt":"2024-08-06T11:45:05","guid":{"rendered":"https:\/\/farwell.ee\/toode\/termokast-gn-1-1-20cm-plastiksisuga-maht-39l\/"},"modified":"2026-02-20T12:45:04","modified_gmt":"2026-02-20T10:45:04","slug":"termokast-gn-1-1-20cm-plastiksisuga-maht-39l","status":"publish","type":"product","link":"https:\/\/farwell.ee\/ru\/product\/termokast-gn-1-1-20cm-plastiksisuga-maht-39l\/","title":{"rendered":"Termokast GN 1\/1 20cm plastiksisuga, maht 39L"},"content":{"rendered":"","protected":false},"excerpt":{"rendered":"<p>EPP-vahtplastist ja plastiksisuga.<br \/>\nV\u00e4lism\u00f5\u00f5dud 674x400x287mm.<br \/>\nSisem\u00f5\u00f5dud 538x338x217mm.<br \/>\nMahutavus 3 x GN 1\/1-65 v\u00f5i 1 x GN 1\/1-200.<br \/>\nMaht 39L.<br \/>\nLadustatav.<br \/>\nTemperatuuritaluvus -20\u00b0 C kuni +110\u00b0 C.<br \/>\nSpetsiaalne sisemine pinnakate tagab kaitse saastumise eest ja on kergesti puhastatav.<br \/>\nTugevad ja ergonoomilised k\u00e4epidemed.<br \/>\nS\u00fcvendid nurkades muudavad termokasti avamise lihtsamaks.<\/p>","protected":false},"featured_media":37415,"template":"","meta":{"_acf_changed":false,"inline_featured_image":false},"product_brand":[],"product_cat":[5554],"product_tag":[],"class_list":{"0":"post-30138","1":"product","2":"type-product","3":"status-publish","4":"has-post-thumbnail","6":"product_cat-termokastid-ja-termokapid","7":"pa_kaubamark-hendi","9":"first","10":"instock","11":"shipping-taxable","12":"purchasable","13":"product-type-simple"},"acf":[],"_links":{"self":[{"href":"https:\/\/farwell.ee\/ru\/wp-json\/wp\/v2\/product\/30138","targetHints":{"allow":["GET"]}}],"collection":[{"href":"https:\/\/farwell.ee\/ru\/wp-json\/wp\/v2\/product"}],"about":[{"href":"https:\/\/farwell.ee\/ru\/wp-json\/wp\/v2\/types\/product"}],"wp:featuredmedia":[{"embeddable":true,"href":"https:\/\/farwell.ee\/ru\/wp-json\/wp\/v2\/media\/37415"}],"wp:attachment":[{"href":"https:\/\/farwell.ee\/ru\/wp-json\/wp\/v2\/media?parent=30138"}],"wp:term":[{"taxonomy":"product_brand","embeddable":true,"href":"https:\/\/farwell.ee\/ru\/wp-json\/wp\/v2\/product_brand?post=30138"},{"taxonomy":"product_cat","embeddable":true,"href":"https:\/\/farwell.ee\/ru\/wp-json\/wp\/v2\/product_cat?post=30138"},{"taxonomy":"product_tag","embeddable":true,"href":"https:\/\/farwell.ee\/ru\/wp-json\/wp\/v2\/product_tag?post=30138"}],"curies":[{"name":"wp","href":"https:\/\/api.w.org\/{rel}","templated":true}]}}