{"id":30127,"date":"2024-08-06T11:45:04","date_gmt":"2024-08-06T08:45:04","guid":{"rendered":"https:\/\/farwell.ee\/toode\/leiva-loikelaud-puidust-530x325x20mm\/"},"modified":"2026-01-09T11:00:05","modified_gmt":"2026-01-09T09:00:05","slug":"leiva-loikelaud-puidust-530x325x20mm","status":"publish","type":"product","link":"https:\/\/farwell.ee\/ru\/product\/leiva-loikelaud-puidust-530x325x20mm\/","title":{"rendered":"Leiva l\u00f5ikelaud 53&#215;32,5x2cm puidust"},"content":{"rendered":"","protected":false},"excerpt":{"rendered":"<blockquote><p>GN 1\/1 m\u00f5\u00f5dus leival\u00f5ikelaud.<br \/>\nValmistatud p\u00f6\u00f6gist.<br \/>\n\u00d5litatud pinnad.<br \/>\nM\u00f5lemad pooled sobivad l\u00f5ikamiseks.<br \/>\nMasinpesu ei ole lubatud !<\/p><\/blockquote>","protected":false},"featured_media":30128,"template":"","meta":{"_acf_changed":false,"inline_featured_image":false},"product_brand":[],"product_cat":[146],"product_tag":[],"class_list":{"0":"post-30127","1":"product","2":"type-product","3":"status-publish","4":"has-post-thumbnail","6":"product_cat-loikelauad","7":"pa_kaubamark-hendi","9":"first","10":"outofstock","11":"shipping-taxable","12":"purchasable","13":"product-type-simple"},"acf":[],"_links":{"self":[{"href":"https:\/\/farwell.ee\/ru\/wp-json\/wp\/v2\/product\/30127","targetHints":{"allow":["GET"]}}],"collection":[{"href":"https:\/\/farwell.ee\/ru\/wp-json\/wp\/v2\/product"}],"about":[{"href":"https:\/\/farwell.ee\/ru\/wp-json\/wp\/v2\/types\/product"}],"wp:featuredmedia":[{"embeddable":true,"href":"https:\/\/farwell.ee\/ru\/wp-json\/wp\/v2\/media\/30128"}],"wp:attachment":[{"href":"https:\/\/farwell.ee\/ru\/wp-json\/wp\/v2\/media?parent=30127"}],"wp:term":[{"taxonomy":"product_brand","embeddable":true,"href":"https:\/\/farwell.ee\/ru\/wp-json\/wp\/v2\/product_brand?post=30127"},{"taxonomy":"product_cat","embeddable":true,"href":"https:\/\/farwell.ee\/ru\/wp-json\/wp\/v2\/product_cat?post=30127"},{"taxonomy":"product_tag","embeddable":true,"href":"https:\/\/farwell.ee\/ru\/wp-json\/wp\/v2\/product_tag?post=30127"}],"curies":[{"name":"wp","href":"https:\/\/api.w.org\/{rel}","templated":true}]}}