{"id":30110,"date":"2024-08-05T17:01:06","date_gmt":"2024-08-05T14:01:06","guid":{"rendered":"https:\/\/farwell.ee\/?post_type=product&#038;p=30110"},"modified":"2024-08-06T09:47:45","modified_gmt":"2024-08-06T06:47:45","slug":"kutter-mikser-emulgaator-4-5l-1-kiirusega","status":"publish","type":"product","link":"https:\/\/farwell.ee\/ru\/product\/kutter-mikser-emulgaator-4-5l-1-kiirusega\/","title":{"rendered":"\u041a\u0443\u0442\u0442\u0435\u0440-c\u043c\u0435\u0441\u0438\u0442\u0435\u043b\u044c \/ \u044d\u043c\u0443\u043b\u044c\u0433\u0430\u0442\u043e\u0440 4,5L 1-\u0441\u043a\u043e\u0440\u043e\u0441\u0442\u044c\u044e"},"content":{"rendered":"","protected":false},"excerpt":{"rendered":"<p><strong>*hinnale lisandub k\u00e4ibemaks<\/strong><\/p>\n<div class=\"woocommerce-product-details__short-description\">\n<ul>\n<li>Kaks \u00fches masin: lauapealne kutter ja emulgaator, et p\u00fcreestada, segada ja hakkida m\u00f5ne sekundi jooksul<\/li>\n<li>4,5 liitrine roostevabast terasest kauss, mis on unikaalse disainiga<\/li>\n<li><span style=\"font-size: 1rem\">Sobilik nii suurte kui ka v\u00e4ikeste koguste segamiseks ja t\u00fckeldamiseks<\/span><\/li>\n<li><span style=\"font-size: 1rem\">K\u00f5rge tsentraalne toru suurendab n\u00f5u tegelikku mahutavust (kasutage kuni 75% nimimahutavusest)<\/span><\/li>\n<li><span style=\"font-size: 1rem\">L\u00e4bipaistev kaas v\u00f5imaldab mugavalt kontrollida toidu konsistentsi ja ka lisada t\u00e4iendavaid koostisosi ilma kaant avamata<\/span><\/li>\n<li><span style=\"font-size: 1rem\">Hingedega kaas p\u00fcsib avamisel fikseeritud asendis, et v\u00f5imaldada ettevalmistuste kiiret ja h\u00f5lpsat kontrollimist<\/span><\/li>\n<li><span style=\"font-size: 1rem\">Integreeritud ergonoomiline ja kergesti eemaldatav kaabits vastupidavast komposiitmaterjalist parema l\u00f5pptulemuse tagamiseks<\/span><\/li>\n<li><span style=\"font-size: 1rem\">420 AISI <\/span>roostevabast terasest mikrohammastega terad<\/li>\n<li>K\u00f5ik toiduga kokku puutuvad osad on eemaldatavad, lahtiv\u00f5etavad ja n\u00f5udepesumasinas pestavad<\/li>\n<li>Mitmed ohutusseadmed tagavad, et masin t\u00f6\u00f6tab ainult siis, kui kate on korralikult suletud ja k\u00f5ik osad on \u00f5igesti paigaldatud<\/li>\n<li>As\u00fcnkroonne t\u00f6\u00f6stuslik mootor suure koormusega t\u00f6\u00f6ks ja seadme pikemaks elueaks<\/li>\n<li>Lame ja veekindel juhtpaneel sisse\/v\u00e4lja nupuga, impulsi funktsioon ja 1 kiirus (1500 p\/min)<\/li>\n<\/ul>\n<\/div>\n<p>M\u00f5\u00f5tmed: 256x415x482 mm<\/p>\n<p>V\u00f5imsus: 0.75 kW<\/p>\n<p>Kaubam\u00e4rk: Electrolux Professional<\/p>\n<p>Tooteleht: <a href=\"https:\/\/farwell.ee\/wp-content\/uploads\/600500.pdf\">600500<\/a><\/p>","protected":false},"featured_media":30111,"template":"","meta":{"_acf_changed":false,"inline_featured_image":false},"product_brand":[],"product_cat":[9713],"product_tag":[],"class_list":{"0":"post-30110","1":"product","2":"type-product","3":"status-publish","4":"has-post-thumbnail","6":"product_cat-kutterid","8":"first","9":"outofstock","10":"shipping-taxable","11":"purchasable","12":"product-type-simple"},"acf":[],"_links":{"self":[{"href":"https:\/\/farwell.ee\/ru\/wp-json\/wp\/v2\/product\/30110","targetHints":{"allow":["GET"]}}],"collection":[{"href":"https:\/\/farwell.ee\/ru\/wp-json\/wp\/v2\/product"}],"about":[{"href":"https:\/\/farwell.ee\/ru\/wp-json\/wp\/v2\/types\/product"}],"wp:featuredmedia":[{"embeddable":true,"href":"https:\/\/farwell.ee\/ru\/wp-json\/wp\/v2\/media\/30111"}],"wp:attachment":[{"href":"https:\/\/farwell.ee\/ru\/wp-json\/wp\/v2\/media?parent=30110"}],"wp:term":[{"taxonomy":"product_brand","embeddable":true,"href":"https:\/\/farwell.ee\/ru\/wp-json\/wp\/v2\/product_brand?post=30110"},{"taxonomy":"product_cat","embeddable":true,"href":"https:\/\/farwell.ee\/ru\/wp-json\/wp\/v2\/product_cat?post=30110"},{"taxonomy":"product_tag","embeddable":true,"href":"https:\/\/farwell.ee\/ru\/wp-json\/wp\/v2\/product_tag?post=30110"}],"curies":[{"name":"wp","href":"https:\/\/api.w.org\/{rel}","templated":true}]}}