{"id":30063,"date":"2024-08-02T14:15:04","date_gmt":"2024-08-02T11:15:04","guid":{"rendered":"https:\/\/farwell.ee\/toode\/pann-32cm-al-non-stick-r-v-kaepide-sobib-igale-pliidituubile-st1\/"},"modified":"2026-04-10T08:00:13","modified_gmt":"2026-04-10T05:00:13","slug":"pann-32cm-al-non-stick-r-v-kaepide-sobib-igale-pliidituubile-st1","status":"publish","type":"product","link":"https:\/\/farwell.ee\/ru\/product\/pann-32cm-al-non-stick-r-v-kaepide-sobib-igale-pliidituubile-st1\/","title":{"rendered":"Pann 32cm Al \/ Non-stick, r\/v k\u00e4epide, sobib igale pliidit\u00fc\u00fcbile ST1"},"content":{"rendered":"","protected":false},"excerpt":{"rendered":"<p>Sepistatud alumiinium, 4-millimeetrise paksusega korpus.<\/p>\n<p>AIR FLOW tehnoloogiaga k\u00e4epide on valmistatud harjatud roostevabast terasest: kerge, ergonoomiline ja mittekuumenev.<br \/>\nK\u00e4epidme kinnitavad kaks eriti tugevat roostevabast terasest neeti.<\/p>\n<p>T\u00e4isinduktsioonp\u00f5hi sobib k\u00f5ikidele pliidit\u00fc\u00fcpidele, sh induktsioonile.<br \/>\nPFOA-vaba 3-kihiline mittenakkuv sisekate. T\u00e4nu karedale pinnakattele tagab see erakordse mittenakkuva tulemuse.<\/p>\n<p>N\u00f5udepesumasinas pestav.<br \/>\nPeske sobivate pesuvahenditega, v\u00e4ltides kloorip\u00f5hiseid tooteid ja pleegitusaineid.<\/p>","protected":false},"featured_media":30062,"template":"","meta":{"_acf_changed":false,"inline_featured_image":false},"product_brand":[],"product_cat":[152],"product_tag":[],"class_list":{"0":"post-30063","1":"product","2":"type-product","3":"status-publish","4":"has-post-thumbnail","6":"product_cat-pannid","7":"pa_kaubamark-pintinox","9":"first","10":"instock","11":"shipping-taxable","12":"purchasable","13":"product-type-simple"},"acf":[],"_links":{"self":[{"href":"https:\/\/farwell.ee\/ru\/wp-json\/wp\/v2\/product\/30063","targetHints":{"allow":["GET"]}}],"collection":[{"href":"https:\/\/farwell.ee\/ru\/wp-json\/wp\/v2\/product"}],"about":[{"href":"https:\/\/farwell.ee\/ru\/wp-json\/wp\/v2\/types\/product"}],"wp:featuredmedia":[{"embeddable":true,"href":"https:\/\/farwell.ee\/ru\/wp-json\/wp\/v2\/media\/30062"}],"wp:attachment":[{"href":"https:\/\/farwell.ee\/ru\/wp-json\/wp\/v2\/media?parent=30063"}],"wp:term":[{"taxonomy":"product_brand","embeddable":true,"href":"https:\/\/farwell.ee\/ru\/wp-json\/wp\/v2\/product_brand?post=30063"},{"taxonomy":"product_cat","embeddable":true,"href":"https:\/\/farwell.ee\/ru\/wp-json\/wp\/v2\/product_cat?post=30063"},{"taxonomy":"product_tag","embeddable":true,"href":"https:\/\/farwell.ee\/ru\/wp-json\/wp\/v2\/product_tag?post=30063"}],"curies":[{"name":"wp","href":"https:\/\/api.w.org\/{rel}","templated":true}]}}