{"id":30039,"date":"2024-08-01T18:25:11","date_gmt":"2024-08-01T15:25:11","guid":{"rendered":"https:\/\/farwell.ee\/?post_type=product&#038;p=30039"},"modified":"2024-08-02T11:12:13","modified_gmt":"2024-08-02T08:12:13","slug":"elektriline-plaatgrill-4-2kw-sileda-kroomitud-pinnaga-lauapealne-laius-400mm","status":"publish","type":"product","link":"https:\/\/farwell.ee\/ru\/product\/elektriline-plaatgrill-4-2kw-sileda-kroomitud-pinnaga-lauapealne-laius-400mm\/","title":{"rendered":"\u042d\u043b\u0435\u043a\u0442\u0440\u0438\u0447\u0435\u0441\u043a\u0438\u0439 \u0433\u0440\u0438\u043b\u044c 4,2\u043a\u0412\u0442 \u0441 \u0433\u043b\u0430\u0434\u043a\u043e\u0439 \u0445\u0440\u043e\u043c\u0438\u0440\u043e\u0432\u0430\u043d\u043d\u043e\u0439 \u043f\u043e\u0432\u0435\u0440\u0445\u043d\u043e\u0441\u0442\u044c\u044e, \u0441\u0442\u043e\u043b\u0435\u0448\u043d\u0438\u0446\u0430, \u0448\u0438\u0440\u0438\u043d\u0430 400\u043c\u043c"},"content":{"rendered":"","protected":false},"excerpt":{"rendered":"<p><strong>*hinnale lisandub k\u00e4ibemaks<\/strong><\/p>\n<ul>\n<li>Alusele paigaldatav mudel<\/li>\n<li>Sile terasesulamist kroomist pinnakattega k\u00fcpsetuspind<\/li>\n<li>Temperatuuride vahemik reguleeritav vahemikus 110\u00b0C kuni 280\u00b0C<\/li>\n<li>K\u00fcpsetuspinna all on eemaldatav sahtel rasva ja muude k\u00fcpsetusj\u00e4\u00e4kide kogumiseks<\/li>\n<li>V\u00e4lispaneelid roostevabast terasest Scotch Brite pinnaviimistlusega<\/li>\n<li>\u00dchest t\u00fckist pressitud t\u00f6\u00f6pind on 1,5 mm paksusest roostevabast terasest<\/li>\n<li>T\u00e4isnurksed servad v\u00f5imaldavad seadet tihedalt teiste sama seeria toodetega kokku \u00fchendada<\/li>\n<\/ul>\n<p>M\u00f5\u00f5tmed: 400x730x250 mm<\/p>\n<p>V\u00f5imsus: 4.2 kW<\/p>\n<p>Kaubam\u00e4rk: Electrolux Professional<\/p>\n<p>Tooteleht: <a href=\"https:\/\/farwell.ee\/wp-content\/uploads\/371193.pdf\">371193<\/a><\/p>","protected":false},"featured_media":30040,"template":"","meta":{"_acf_changed":false,"inline_featured_image":false},"product_brand":[],"product_cat":[9699],"product_tag":[],"class_list":{"0":"post-30039","1":"product","2":"type-product","3":"status-publish","4":"has-post-thumbnail","6":"product_cat-plaatgrillid","8":"first","9":"outofstock","10":"shipping-taxable","11":"purchasable","12":"product-type-simple"},"acf":[],"_links":{"self":[{"href":"https:\/\/farwell.ee\/ru\/wp-json\/wp\/v2\/product\/30039","targetHints":{"allow":["GET"]}}],"collection":[{"href":"https:\/\/farwell.ee\/ru\/wp-json\/wp\/v2\/product"}],"about":[{"href":"https:\/\/farwell.ee\/ru\/wp-json\/wp\/v2\/types\/product"}],"wp:featuredmedia":[{"embeddable":true,"href":"https:\/\/farwell.ee\/ru\/wp-json\/wp\/v2\/media\/30040"}],"wp:attachment":[{"href":"https:\/\/farwell.ee\/ru\/wp-json\/wp\/v2\/media?parent=30039"}],"wp:term":[{"taxonomy":"product_brand","embeddable":true,"href":"https:\/\/farwell.ee\/ru\/wp-json\/wp\/v2\/product_brand?post=30039"},{"taxonomy":"product_cat","embeddable":true,"href":"https:\/\/farwell.ee\/ru\/wp-json\/wp\/v2\/product_cat?post=30039"},{"taxonomy":"product_tag","embeddable":true,"href":"https:\/\/farwell.ee\/ru\/wp-json\/wp\/v2\/product_tag?post=30039"}],"curies":[{"name":"wp","href":"https:\/\/api.w.org\/{rel}","templated":true}]}}