{"id":30033,"date":"2024-08-01T17:57:18","date_gmt":"2024-08-01T14:57:18","guid":{"rendered":"https:\/\/farwell.ee\/?post_type=product&#038;p=30033"},"modified":"2024-08-02T11:12:52","modified_gmt":"2024-08-02T08:12:52","slug":"koogiviljatukeldaja-1-5kw-mootoruksusega-valjaheitjaga-alusel-tr300","status":"publish","type":"product","link":"https:\/\/farwell.ee\/ru\/product\/koogiviljatukeldaja-1-5kw-mootoruksusega-valjaheitjaga-alusel-tr300\/","title":{"rendered":"\u041e\u0432\u043e\u0449\u0435\u0440\u0435\u0437\u043a\u0430 1,5 \u043a\u0412\u0442, \u044d\u0436\u0435\u043a\u0442\u043e\u0440\u043e\u043c, \u043d\u0430 \u0431\u0430\u0437\u043e\u0432\u043e\u0439 \u0440\u0430\u043c\u0435 TR300"},"content":{"rendered":"","protected":false},"excerpt":{"rendered":"<p><strong>*hinnale lisandub k\u00e4ibemaks<\/strong><\/p>\n<div class=\"woocommerce-product-details__short-description\">\n<ul>\n<li>K\u00f6\u00f6giviljade valmistamise masin toitlustusettev\u00f5tetele, mis serveerivad \u00fcle 600 portsjoni v\u00f5i teevad catering teenust \u00fcle 4000 portsjoni<\/li>\n<li><span style=\"font-size: 1rem\">Eraldiseisev seade, 1-kiirus (260 p\u00f6\u00f6ret minutis), mootorikomplekt sisaldab standardset l\u00f5ikes\u00fcsteemi, <\/span><span style=\"font-size: 1rem\">mida kasutatakse igasuguseks k\u00f6\u00f6giviljade t\u00fckeldamiseks, v\u00e4lja arvatud friikartulid (viimaste jaoks on lisavarustusena saadaval eraldi l\u00f5ikes\u00fcsteem)<\/span><\/li>\n<li><span style=\"font-size: 1rem\">Soovi korral on saadaval kaks erinevat s\u00f6\u00f6turit: automaatne s\u00f6\u00f6tur k\u00f5ikidele k\u00f6\u00f6giviljadele, v.a. pikad; pikkadele k\u00f6\u00f6giviljadele m\u00f5eldud s\u00f6\u00f6tur koos 9 erineva suurusega toruga pikkade k\u00f6\u00f6giviljade l\u00f5ikamiseks horisontaalselt, kui need on p\u00fcstasendis.<\/span><\/li>\n<\/ul>\n<\/div>\n<p>M\u00f5\u00f5tmed: 470x710x1070 mm<\/p>\n<p>V\u00f5imsus: 1.5 kW<\/p>\n<p>Kaubam\u00e4rk: Electrolux Professional<\/p>\n<p>Tooteleht: <a href=\"https:\/\/farwell.ee\/wp-content\/uploads\/602069.pdf\">602069<\/a><\/p>","protected":false},"featured_media":30034,"template":"","meta":{"_acf_changed":false,"inline_featured_image":false},"product_brand":[],"product_cat":[9700],"product_tag":[],"class_list":{"0":"post-30033","1":"product","2":"type-product","3":"status-publish","4":"has-post-thumbnail","6":"product_cat-juurviljatukeldajad","8":"first","9":"outofstock","10":"shipping-taxable","11":"purchasable","12":"product-type-simple"},"acf":[],"_links":{"self":[{"href":"https:\/\/farwell.ee\/ru\/wp-json\/wp\/v2\/product\/30033","targetHints":{"allow":["GET"]}}],"collection":[{"href":"https:\/\/farwell.ee\/ru\/wp-json\/wp\/v2\/product"}],"about":[{"href":"https:\/\/farwell.ee\/ru\/wp-json\/wp\/v2\/types\/product"}],"wp:featuredmedia":[{"embeddable":true,"href":"https:\/\/farwell.ee\/ru\/wp-json\/wp\/v2\/media\/30034"}],"wp:attachment":[{"href":"https:\/\/farwell.ee\/ru\/wp-json\/wp\/v2\/media?parent=30033"}],"wp:term":[{"taxonomy":"product_brand","embeddable":true,"href":"https:\/\/farwell.ee\/ru\/wp-json\/wp\/v2\/product_brand?post=30033"},{"taxonomy":"product_cat","embeddable":true,"href":"https:\/\/farwell.ee\/ru\/wp-json\/wp\/v2\/product_cat?post=30033"},{"taxonomy":"product_tag","embeddable":true,"href":"https:\/\/farwell.ee\/ru\/wp-json\/wp\/v2\/product_tag?post=30033"}],"curies":[{"name":"wp","href":"https:\/\/api.w.org\/{rel}","templated":true}]}}