{"id":30030,"date":"2024-08-01T17:49:35","date_gmt":"2024-08-01T14:49:35","guid":{"rendered":"https:\/\/farwell.ee\/?post_type=product&#038;p=30030"},"modified":"2024-08-02T11:13:12","modified_gmt":"2024-08-02T08:13:12","slug":"koogiviljatukeldaja-2kw-sileda-paneeliga-2-kiirusega-tr260","status":"publish","type":"product","link":"https:\/\/farwell.ee\/ru\/product\/koogiviljatukeldaja-2kw-sileda-paneeliga-2-kiirusega-tr260\/","title":{"rendered":"\u041e\u0432\u043e\u0449\u0435\u0440\u0435\u0437\u043a\u0430 2\u043a\u0412\u0442 \u0441 \u0433\u043b\u0430\u0434\u043a\u043e\u0439 \u043f\u0430\u043d\u0435\u043b\u044c\u044e, 2-\u0445 \u0441\u043a\u043e\u0440\u043e\u0441\u0442\u043d\u043e\u0439 TR260"},"content":{"rendered":"","protected":false},"excerpt":{"rendered":"<p><strong>*hinnale lisandub k\u00e4ibemaks<\/strong><\/p>\n<div class=\"woocommerce-product-details__short-description\">\n<ul>\n<li>Universaalne k\u00f6\u00f6giviljat\u00fckeldaja ettev\u00f5tetele, kus valmistatakse 400 kuni 600 portsjonit s\u00f6\u00f6gikorra kohta<\/li>\n<li><span style=\"font-size: 1rem\">Kaks kiirust (325\/650 p\/min)<\/span><\/li>\n<li><span style=\"font-size: 1rem\">2200 W isepidurduv mootor<\/span><\/li>\n<li><span style=\"font-size: 1rem\">Roostevabast terasest mootori korpus<\/span><\/li>\n<li><span style=\"font-size: 1rem\">Varustatud \u201cNo volt release\u201d turvas\u00fcsteemiga<\/span><\/li>\n<li><span style=\"font-size: 1rem\">Puutenuppudega juhtpaneel- sisse\/v\u00e4lja ja kiirusevaliku nupud<\/span><\/li>\n<li><span style=\"font-size: 1rem\">L\u00f5ikeketta diameeter on 300mm<\/span><\/li>\n<li><span style=\"font-size: 1rem\">Automaatne s\u00f6\u00f6tja, manuaalne s\u00f6\u00f6tja, pikkade k\u00f6\u00f6giviljade s\u00f6\u00f6tja ja kapsa s\u00f6\u00f6tja on saadaval lisavarustusena<\/span><\/li>\n<li><span style=\"font-size: 1rem\">Puutenuppudega juhtpaneel omab IP65 kaitset ja t\u00f6\u00f6tab madalpingel<\/span><\/li>\n<\/ul>\n<\/div>\n<p>M\u00f5\u00f5tmed: 750x400x440 mm<\/p>\n<p>V\u00f5imsus: 2 kW<\/p>\n<p>Kaubam\u00e4rk: Electrolux Professional<\/p>\n<p>Tooteleht: <a href=\"https:\/\/farwell.ee\/wp-content\/uploads\/603278.pdf\">603278<\/a><\/p>","protected":false},"featured_media":30031,"template":"","meta":{"_acf_changed":false,"inline_featured_image":false},"product_brand":[],"product_cat":[9700],"product_tag":[],"class_list":{"0":"post-30030","1":"product","2":"type-product","3":"status-publish","4":"has-post-thumbnail","6":"product_cat-juurviljatukeldajad","8":"first","9":"outofstock","10":"shipping-taxable","11":"purchasable","12":"product-type-simple"},"acf":[],"_links":{"self":[{"href":"https:\/\/farwell.ee\/ru\/wp-json\/wp\/v2\/product\/30030","targetHints":{"allow":["GET"]}}],"collection":[{"href":"https:\/\/farwell.ee\/ru\/wp-json\/wp\/v2\/product"}],"about":[{"href":"https:\/\/farwell.ee\/ru\/wp-json\/wp\/v2\/types\/product"}],"wp:featuredmedia":[{"embeddable":true,"href":"https:\/\/farwell.ee\/ru\/wp-json\/wp\/v2\/media\/30031"}],"wp:attachment":[{"href":"https:\/\/farwell.ee\/ru\/wp-json\/wp\/v2\/media?parent=30030"}],"wp:term":[{"taxonomy":"product_brand","embeddable":true,"href":"https:\/\/farwell.ee\/ru\/wp-json\/wp\/v2\/product_brand?post=30030"},{"taxonomy":"product_cat","embeddable":true,"href":"https:\/\/farwell.ee\/ru\/wp-json\/wp\/v2\/product_cat?post=30030"},{"taxonomy":"product_tag","embeddable":true,"href":"https:\/\/farwell.ee\/ru\/wp-json\/wp\/v2\/product_tag?post=30030"}],"curies":[{"name":"wp","href":"https:\/\/api.w.org\/{rel}","templated":true}]}}