{"id":29955,"date":"2024-07-30T19:43:22","date_gmt":"2024-07-30T16:43:22","guid":{"rendered":"https:\/\/farwell.ee\/?post_type=product&#038;p=29955"},"modified":"2024-08-02T11:14:54","modified_gmt":"2024-08-02T08:14:54","slug":"koogiviljatukeldaja-750w-automaatse-sooturiga-karul-2-kiirusega-tr210","status":"publish","type":"product","link":"https:\/\/farwell.ee\/ru\/product\/koogiviljatukeldaja-750w-automaatse-sooturiga-karul-2-kiirusega-tr210\/","title":{"rendered":"\u041e\u0432\u043e\u0449\u0435\u0440\u0435\u0437\u043a\u0430 750\u0412\u0442 \u0441 \u0430\u0432\u0442\u043e\u043f\u043e\u0434\u0430\u0442\u0447\u0438\u043a\u043e\u043c, \u043d\u0430 \u0442\u0435\u043b\u0435\u0436\u043a\u0435, 2-\u0441\u043a\u043e\u0440\u043e\u0441\u0442\u043d\u0430\u044f TR210"},"content":{"rendered":"","protected":false},"excerpt":{"rendered":"<p><strong>*hinnale lisandub k\u00e4ibemaks<\/strong><\/p>\n<div class=\"woocommerce-product-details__short-description\">\n<ul>\n<li>Keskmise suurusega toitlustusettev\u00f5tete jaoks kuni 1000 s\u00f6\u00f6gikorda \u00fches vahetuses<\/li>\n<li>Juurviljal\u00f5ikur on spetsiaalselt ette n\u00e4htud viilutamiseks, kuubikute ja ribade valmistamiseks ning riivimiseks<\/li>\n<li><span style=\"font-size: 1rem\">Roostevabast terasest automaatne s\u00f6\u00f6tur v\u00f5imaldab suuremahulisi ettevalmistusi (kuni 2100 kg\/h)<\/span><\/li>\n<li><span style=\"font-size: 1rem\">Eraldiseisev konfiguratsioon t\u00e4nu nutika konstruktsiooniga k\u00e4rule, mis mahutab nii masina kui ka 2\/1 GN n\u00f5u, et koguda l\u00f5igatud k\u00f6\u00f6givilju<\/span><\/li>\n<li><span style=\"font-size: 1rem\">Toiduga kokku puutuvad osasidroostevabast terasest s\u00f6\u00f6turit ja l\u00f5ikekambrit- saab eemaldada ilma t\u00f6\u00f6riistadeta ja mugavalt n\u00f5udepesumasinas pesta<\/span><\/li>\n<li><span style=\"font-size: 1rem\">As\u00fcnkroonne t\u00f6\u00f6stuslik mootor on suurele koormusele vastupidav ja annab seadmele pikema eluea<\/span><\/li>\n<li><span style=\"font-size: 1rem\">Ohutus on tagatud magnetilise mikrol\u00fclitiga, mis peatab masina, kui s\u00f6\u00f6tur ei ole korralikult paigutatud<\/span><\/li>\n<li><span style=\"font-size: 1rem\">Veekindel (IP55) juhtpaneel, millel no volt ohutusseade<\/span><\/li>\n<li><span style=\"font-size: 1rem\">2 kiirusega mudel (340 ja 680 p\/min)<\/span><\/li>\n<li><span style=\"font-size: 1rem\">Eraldiseisev mudel, k\u00e4ruga<\/span><\/li>\n<li><span style=\"font-size: 1rem\">Lisavarustusena on saadaval manuaalne s\u00f6\u00f6tur ja pikkade k\u00f6\u00f6giviljade s\u00f6\u00f6tur<\/span><\/li>\n<\/ul>\n<\/div>\n<p>M\u00f5\u00f5tmed: 630x770x1250 mm<\/p>\n<p>V\u00f5imsus: 0.75 kW<\/p>\n<p>Kaubam\u00e4rk: Electrolux Professional<\/p>\n<p>Tooteleht: <a href=\"https:\/\/farwell.ee\/wp-content\/uploads\/600459.pdf\">600459<\/a><\/p>","protected":false},"featured_media":29989,"template":"","meta":{"_acf_changed":false,"inline_featured_image":false},"product_brand":[],"product_cat":[9700],"product_tag":[],"class_list":{"0":"post-29955","1":"product","2":"type-product","3":"status-publish","4":"has-post-thumbnail","6":"product_cat-juurviljatukeldajad","8":"first","9":"outofstock","10":"shipping-taxable","11":"purchasable","12":"product-type-simple"},"acf":[],"_links":{"self":[{"href":"https:\/\/farwell.ee\/ru\/wp-json\/wp\/v2\/product\/29955","targetHints":{"allow":["GET"]}}],"collection":[{"href":"https:\/\/farwell.ee\/ru\/wp-json\/wp\/v2\/product"}],"about":[{"href":"https:\/\/farwell.ee\/ru\/wp-json\/wp\/v2\/types\/product"}],"wp:featuredmedia":[{"embeddable":true,"href":"https:\/\/farwell.ee\/ru\/wp-json\/wp\/v2\/media\/29989"}],"wp:attachment":[{"href":"https:\/\/farwell.ee\/ru\/wp-json\/wp\/v2\/media?parent=29955"}],"wp:term":[{"taxonomy":"product_brand","embeddable":true,"href":"https:\/\/farwell.ee\/ru\/wp-json\/wp\/v2\/product_brand?post=29955"},{"taxonomy":"product_cat","embeddable":true,"href":"https:\/\/farwell.ee\/ru\/wp-json\/wp\/v2\/product_cat?post=29955"},{"taxonomy":"product_tag","embeddable":true,"href":"https:\/\/farwell.ee\/ru\/wp-json\/wp\/v2\/product_tag?post=29955"}],"curies":[{"name":"wp","href":"https:\/\/api.w.org\/{rel}","templated":true}]}}