{"id":29938,"date":"2024-07-30T19:09:05","date_gmt":"2024-07-30T16:09:05","guid":{"rendered":"https:\/\/farwell.ee\/?post_type=product&#038;p=29938"},"modified":"2024-07-31T14:58:02","modified_gmt":"2024-07-31T11:58:02","slug":"koogiviljatukeldaja-370w-1-kiirusega-trs","status":"publish","type":"product","link":"https:\/\/farwell.ee\/ru\/product\/koogiviljatukeldaja-370w-1-kiirusega-trs\/","title":{"rendered":"\u041e\u0432\u043e\u0449\u0435\u0440\u0435\u0437\u043a\u0430 370\u0412\u0442 1-\u0441\u043a\u043e\u0440\u043e\u0441\u0442\u043d\u043e\u0439 TRS"},"content":{"rendered":"","protected":false},"excerpt":{"rendered":"<p><strong>*hinnale lisandub k\u00e4ibemaks<\/strong><\/p>\n<div class=\"woocommerce-product-details__short-description\">\n<ul>\n<li>Universaalne juurviljal\u00f5ikur on v\u00f5imeline t\u00e4nu rohkem kui 40 erinevale pesumasinas pestava roostevabast terasest valmistatud terale sooritama rohkem kui 80 erinevat l\u00f5ikamist ja t\u00fckeldamist<\/li>\n<li><span style=\"font-size: 1rem\">Toiduga kokku puutuvad osad \u2013 roostevabast terasest t\u00f5ukur, s\u00f6\u00f6tepunker <\/span><span style=\"font-size: 1rem\">ja l\u00f5ikekamber \u2013 on ilma t\u00f6\u00f6riistadeta eemaldatavad ja mugavalt <\/span><span style=\"font-size: 1rem\">n\u00f5udepesumasinas pestavad <\/span><\/li>\n<li><span style=\"font-size: 1rem\">Kompaktne ja ergonoomiline disain ja kasutajas\u00f5bralik k\u00e4epide (paremaja vasakuk\u00e4elise kasutaja jaoks m\u00f5eldud, parema survekontrolliga, v\u00e4iksema <\/span><span style=\"font-size: 1rem\">koormusega k\u00e4tele ja \u00f5lale)<\/span><\/li>\n<li>Kallutatud alus (20\u00b0) h\u00f5lbustab tooraine s\u00f6\u00f6tmise ja v\u00e4ljutamise toiminguid<\/li>\n<li>Pikkade k\u00f6\u00f6giviljade s\u00f6\u00f6tur (60 mm l\u00e4bim\u00f5\u00f5duga) on integreeritud roostevabast terasest laia 3\/4 kuu kujulisse s\u00f6\u00f6turisse (215 cm\u00b2)<\/li>\n<li>As\u00fcnkroonne t\u00f6\u00f6stuslik mootor suure koormusega t\u00f6\u00f6ks ja seadme pikemaks elueaks<\/li>\n<li>GNkonteinerite k\u00f5rge t\u00e4itmistsoon (kuni 20 cm)<\/li>\n<li>Pulseeriv juhtimine t\u00e4pseks viilutamiseks<\/li>\n<li>Automaatne k\u00e4ivitamise\/seiskamise funktsioon peatab masina kui t\u00f5ukurit t\u00f5stetakse ja langetamisel k\u00e4ivitab automaatselt uuesti<\/li>\n<li>Veekindel (IP55) juhtpaneel ja alumiiniumsulamist mootori korpus on t\u00e4ielikult suletud, et seadet t\u00e4ielikult kaitsta tugevate veejugade eest<\/li>\n<\/ul>\n<\/div>\n<div class=\"woocommerce-tabs wc-tabs-wrapper\">\n<div id=\"tab-description\" class=\"woocommerce-Tabs-panel woocommerce-Tabs-panel--description panel entry-content wc-tab\" role=\"tabpanel\" aria-labelledby=\"tab-title-description\">\n<div class=\"moreinfocontent\"><\/div>\n<\/div>\n<\/div>\n<p>M\u00f5\u00f5tmed: 252x500x515 mm<\/p>\n<p>V\u00f5imsus: 0,37 kW<\/p>\n<p>Kaubam\u00e4rk: Electrolux Professional<\/p>\n<p>Tooteleht: <a href=\"https:\/\/farwell.ee\/wp-content\/uploads\/600465.pdf\">600465<\/a><\/p>","protected":false},"featured_media":29940,"template":"","meta":{"_acf_changed":false,"inline_featured_image":false},"product_brand":[],"product_cat":[9700],"product_tag":[],"class_list":{"0":"post-29938","1":"product","2":"type-product","3":"status-publish","4":"has-post-thumbnail","6":"product_cat-juurviljatukeldajad","8":"first","9":"outofstock","10":"shipping-taxable","11":"purchasable","12":"product-type-simple"},"acf":[],"_links":{"self":[{"href":"https:\/\/farwell.ee\/ru\/wp-json\/wp\/v2\/product\/29938","targetHints":{"allow":["GET"]}}],"collection":[{"href":"https:\/\/farwell.ee\/ru\/wp-json\/wp\/v2\/product"}],"about":[{"href":"https:\/\/farwell.ee\/ru\/wp-json\/wp\/v2\/types\/product"}],"wp:featuredmedia":[{"embeddable":true,"href":"https:\/\/farwell.ee\/ru\/wp-json\/wp\/v2\/media\/29940"}],"wp:attachment":[{"href":"https:\/\/farwell.ee\/ru\/wp-json\/wp\/v2\/media?parent=29938"}],"wp:term":[{"taxonomy":"product_brand","embeddable":true,"href":"https:\/\/farwell.ee\/ru\/wp-json\/wp\/v2\/product_brand?post=29938"},{"taxonomy":"product_cat","embeddable":true,"href":"https:\/\/farwell.ee\/ru\/wp-json\/wp\/v2\/product_cat?post=29938"},{"taxonomy":"product_tag","embeddable":true,"href":"https:\/\/farwell.ee\/ru\/wp-json\/wp\/v2\/product_tag?post=29938"}],"curies":[{"name":"wp","href":"https:\/\/api.w.org\/{rel}","templated":true}]}}