{"id":29888,"date":"2024-07-28T18:00:43","date_gmt":"2024-07-28T15:00:43","guid":{"rendered":"https:\/\/farwell.ee\/?post_type=product&#038;p=29888"},"modified":"2024-07-30T16:08:54","modified_gmt":"2024-07-30T13:08:54","slug":"elektriline-keedukatel-80-100l-kaudse-kuumutamisega-ja-automaattaitega","status":"publish","type":"product","link":"https:\/\/farwell.ee\/ru\/product\/elektriline-keedukatel-80-100l-kaudse-kuumutamisega-ja-automaattaitega\/","title":{"rendered":"Elektriline keedukatel 80\/100L kaudse kuumutamisega ja automaatt\u00e4itega"},"content":{"rendered":"","protected":false},"excerpt":{"rendered":"<div class=\"woocommerce-product-details__short-description\">\n<p><strong>*hinnale lisandub k\u00e4ibemaks<\/strong><\/p>\n<ul>\n<li>Paigaldamiseks erinevatele paigalduskonfiguratsioonidele<\/li>\n<li>Vastupidavad armeeritud kuumutuselemendid on varustatud turvatermostaadiga ja on paigaldatud vees\u00e4rgi sisse<\/li>\n<li>Automaatne veega t\u00e4itmine l\u00e4bi elektroonilise klapi<\/li>\n<li><span style=\"font-size: 1rem\">Seadme v\u00e4lispaneelid on roostevabast terasest, Scotch Brite pinnaviimistlusega<\/span><\/li>\n<li><span style=\"font-size: 1rem\">R\u00f5hus\u00e4rk on valmistatud 3mm paksusest AISI 316 roostevabast terasest<\/span><\/li>\n<li><span style=\"font-size: 1rem\">Pressitud vann on \u00fcmarate servadega, varustatud kaanega, m\u00f5lemad valmistatud AISI 316 roostevabast terasest<\/span><\/li>\n<li><span style=\"font-size: 1rem\">T\u00e4isnurksed servad v\u00f5imaldavad seadmeid omavahel tihedalt \u00fchendada<\/span><\/li>\n<li><span style=\"font-size: 1rem\">Varustatud kontrollventiiliga, mis kontrollib katla t\u00f6\u00f6r\u00f5hku<\/span><\/li>\n<li><span style=\"font-size: 1rem\">Temperatuuri piiraja v\u00f5imsuse reguleerimiseks, mis v\u00f5imaldab toidu valmistamisel temperatuuri t\u00e4pselt kontrollida<\/span><\/li>\n<\/ul>\n<\/div>\n<p>M\u00f5\u00f5tmed:\u00a0 800x930x850 mm<\/p>\n<p>V\u00f5imsus: 21.5 kW<\/p>\n<p>Kaubam\u00e4rk: Electrolux Professional<\/p>\n<p>Tooteleht: <a href=\"https:\/\/farwell.ee\/wp-content\/uploads\/391119.pdf\">391119<\/a><\/p>","protected":false},"featured_media":29889,"template":"","meta":{"_acf_changed":false,"inline_featured_image":false},"product_brand":[],"product_cat":[9671],"product_tag":[],"class_list":{"0":"post-29888","1":"product","2":"type-product","3":"status-publish","4":"has-post-thumbnail","6":"product_cat-keedukatlad","8":"first","9":"outofstock","10":"shipping-taxable","11":"purchasable","12":"product-type-simple"},"acf":[],"_links":{"self":[{"href":"https:\/\/farwell.ee\/ru\/wp-json\/wp\/v2\/product\/29888","targetHints":{"allow":["GET"]}}],"collection":[{"href":"https:\/\/farwell.ee\/ru\/wp-json\/wp\/v2\/product"}],"about":[{"href":"https:\/\/farwell.ee\/ru\/wp-json\/wp\/v2\/types\/product"}],"wp:featuredmedia":[{"embeddable":true,"href":"https:\/\/farwell.ee\/ru\/wp-json\/wp\/v2\/media\/29889"}],"wp:attachment":[{"href":"https:\/\/farwell.ee\/ru\/wp-json\/wp\/v2\/media?parent=29888"}],"wp:term":[{"taxonomy":"product_brand","embeddable":true,"href":"https:\/\/farwell.ee\/ru\/wp-json\/wp\/v2\/product_brand?post=29888"},{"taxonomy":"product_cat","embeddable":true,"href":"https:\/\/farwell.ee\/ru\/wp-json\/wp\/v2\/product_cat?post=29888"},{"taxonomy":"product_tag","embeddable":true,"href":"https:\/\/farwell.ee\/ru\/wp-json\/wp\/v2\/product_tag?post=29888"}],"curies":[{"name":"wp","href":"https:\/\/api.w.org\/{rel}","templated":true}]}}