{"id":29885,"date":"2024-07-28T17:53:52","date_gmt":"2024-07-28T14:53:52","guid":{"rendered":"https:\/\/farwell.ee\/?post_type=product&#038;p=29885"},"modified":"2024-07-30T09:30:22","modified_gmt":"2024-07-30T06:30:22","slug":"elektriline-keedukatel-100-150l-kaudse-kuumutamisega","status":"publish","type":"product","link":"https:\/\/farwell.ee\/ru\/product\/elektriline-keedukatel-100-150l-kaudse-kuumutamisega\/","title":{"rendered":"Elektriline keedukatel 100\/150L kaudse kuumutamisega"},"content":{"rendered":"","protected":false},"excerpt":{"rendered":"<p><strong>*hinnale lisandub k\u00e4ibemaks<\/strong><\/p>\n<ul>\n<li>Paigaldamiseks erinevatele paigalduskonfiguratsioonidele<\/li>\n<li>Vastupidavad armeeritud kuumutuselemendid on varustatud turvatermostaadiga ja on paigaldatud vees\u00e4rgi sisse<\/li>\n<li>Seadme v\u00e4lispaneelid on roostevabast terasest, Scotch Brite pinnaviimistlusega<\/li>\n<li>R\u00f5hus\u00e4rk on valmistatud 3mm paksusest AISI 316 roostevabast terasest<\/li>\n<li>Pressitud vann on \u00fcmarate servadega, varustatud kaanega, m\u00f5lemad valmistatud AISI 316 roostevabast terasest<\/li>\n<li>T\u00e4isnurksed servad v\u00f5imaldavad seadmeid omavahel tihedalt \u00fchendada<\/li>\n<li>Varustatud kontrollventiiliga, mis kontrollib katla t\u00f6\u00f6r\u00f5hku<\/li>\n<li>Temperatuuri piiraja v\u00f5imsuse reguleerimiseks, mis v\u00f5imaldab toidu valmistamisel temperatuuri t\u00e4pselt kontrollida<\/li>\n<\/ul>\n<p>M\u00f5\u00f5tmed: 800x930x850 mm<\/p>\n<p>V\u00f5imsus: 21.5 kW<\/p>\n<p>Kaubam\u00e4rk: Electrolux Professional<\/p>\n<p>Tooteleht: <a href=\"https:\/\/farwell.ee\/wp-content\/uploads\/391120.pdf\">391120<\/a><\/p>","protected":false},"featured_media":29886,"template":"","meta":{"_acf_changed":false,"inline_featured_image":false},"product_brand":[],"product_cat":[9671],"product_tag":[],"class_list":{"0":"post-29885","1":"product","2":"type-product","3":"status-publish","4":"has-post-thumbnail","6":"product_cat-keedukatlad","8":"first","9":"outofstock","10":"shipping-taxable","11":"purchasable","12":"product-type-simple"},"acf":[],"_links":{"self":[{"href":"https:\/\/farwell.ee\/ru\/wp-json\/wp\/v2\/product\/29885","targetHints":{"allow":["GET"]}}],"collection":[{"href":"https:\/\/farwell.ee\/ru\/wp-json\/wp\/v2\/product"}],"about":[{"href":"https:\/\/farwell.ee\/ru\/wp-json\/wp\/v2\/types\/product"}],"wp:featuredmedia":[{"embeddable":true,"href":"https:\/\/farwell.ee\/ru\/wp-json\/wp\/v2\/media\/29886"}],"wp:attachment":[{"href":"https:\/\/farwell.ee\/ru\/wp-json\/wp\/v2\/media?parent=29885"}],"wp:term":[{"taxonomy":"product_brand","embeddable":true,"href":"https:\/\/farwell.ee\/ru\/wp-json\/wp\/v2\/product_brand?post=29885"},{"taxonomy":"product_cat","embeddable":true,"href":"https:\/\/farwell.ee\/ru\/wp-json\/wp\/v2\/product_cat?post=29885"},{"taxonomy":"product_tag","embeddable":true,"href":"https:\/\/farwell.ee\/ru\/wp-json\/wp\/v2\/product_tag?post=29885"}],"curies":[{"name":"wp","href":"https:\/\/api.w.org\/{rel}","templated":true}]}}