{"id":29865,"date":"2024-07-26T15:27:21","date_gmt":"2024-07-26T12:27:21","guid":{"rendered":"https:\/\/farwell.ee\/?post_type=product&#038;p=29865"},"modified":"2024-07-30T09:32:46","modified_gmt":"2024-07-30T06:32:46","slug":"gaasigrill-315kw-hp-lauapealne-laius-1200mm","status":"publish","type":"product","link":"https:\/\/farwell.ee\/ru\/product\/gaasigrill-315kw-hp-lauapealne-laius-1200mm\/","title":{"rendered":"Gaasigrill 31,5kW HP, lauapealne, laius 1200mm"},"content":{"rendered":"","protected":false},"excerpt":{"rendered":"<p><strong>*hinnale lisandub k\u00e4ibemaks<\/strong><\/p>\n<ul>\n<li>Kasutamiseks LPG v\u00f5i loodusliku gaasiga<\/li>\n<li>Suure efektiivsusega 31,5 kW roostevabast terasest gaasip\u00f5letid on varustatud isestabiliseeruva leegiga<\/li>\n<li>K\u00fcpsetuspinna restid on valmistatud malmist ja seda on puhastamiseks kerge eemaldada<\/li>\n<li>Roostevabast terasest AISI 441 valmistatud kaitsvad paneelid peegeldite all hoiavad \u00e4ra p\u00f5letite ummistumise<\/li>\n<li>Komplektis on tilgan\u00f5u rasva ja \u00f5li kogumiseks<\/li>\n<li>V\u00e4lispaneelid \u00fcleni roostevabast terasest<\/li>\n<li>Scotch Brite pinnaviimistlusega<\/li>\n<li>Eriti tugev, \u00fchest t\u00fckist pressitud \u00fclaosa on 2 mm paksusest roostevabast terasest<\/li>\n<li>T\u00e4isnurksed servad v\u00f5imaldavad seadmeid omavahel tihedalt \u00fchendada<\/li>\n<\/ul>\n<p>M\u00f5\u00f5tmed: 1200x941x250 mm<\/p>\n<p>V\u00f5imsus: 31.5 kW<\/p>\n<p>Kaubam\u00e4rk: Electrolux Professional<\/p>\n<p>Tooteleht: <a href=\"https:\/\/farwell.ee\/wp-content\/uploads\/391066.pdf\">391066<\/a><\/p>","protected":false},"featured_media":29866,"template":"","meta":{"_acf_changed":false,"inline_featured_image":false},"product_brand":[],"product_cat":[9668],"product_tag":[],"class_list":{"0":"post-29865","1":"product","2":"type-product","3":"status-publish","4":"has-post-thumbnail","6":"product_cat-grillid","8":"first","9":"outofstock","10":"shipping-taxable","11":"purchasable","12":"product-type-simple"},"acf":[],"_links":{"self":[{"href":"https:\/\/farwell.ee\/ru\/wp-json\/wp\/v2\/product\/29865","targetHints":{"allow":["GET"]}}],"collection":[{"href":"https:\/\/farwell.ee\/ru\/wp-json\/wp\/v2\/product"}],"about":[{"href":"https:\/\/farwell.ee\/ru\/wp-json\/wp\/v2\/types\/product"}],"wp:featuredmedia":[{"embeddable":true,"href":"https:\/\/farwell.ee\/ru\/wp-json\/wp\/v2\/media\/29866"}],"wp:attachment":[{"href":"https:\/\/farwell.ee\/ru\/wp-json\/wp\/v2\/media?parent=29865"}],"wp:term":[{"taxonomy":"product_brand","embeddable":true,"href":"https:\/\/farwell.ee\/ru\/wp-json\/wp\/v2\/product_brand?post=29865"},{"taxonomy":"product_cat","embeddable":true,"href":"https:\/\/farwell.ee\/ru\/wp-json\/wp\/v2\/product_cat?post=29865"},{"taxonomy":"product_tag","embeddable":true,"href":"https:\/\/farwell.ee\/ru\/wp-json\/wp\/v2\/product_tag?post=29865"}],"curies":[{"name":"wp","href":"https:\/\/api.w.org\/{rel}","templated":true}]}}