{"id":29840,"date":"2024-07-21T20:31:47","date_gmt":"2024-07-21T17:31:47","guid":{"rendered":"https:\/\/farwell.ee\/?post_type=product&#038;p=29840"},"modified":"2024-07-22T12:56:06","modified_gmt":"2024-07-22T09:56:06","slug":"gaasigrill-7kw-powergrill-lauapealne-laius-400mm","status":"publish","type":"product","link":"https:\/\/farwell.ee\/ru\/product\/gaasigrill-7kw-powergrill-lauapealne-laius-400mm\/","title":{"rendered":"Gaasigrill 7kW Powergrill, lauapealne, laius 400mm"},"content":{"rendered":"","protected":false},"excerpt":{"rendered":"<ul>\n<li>Paigaldamiseks avatud v\u00f5i sild t\u00fc\u00fcpi alusele ja cantileverile<\/li>\n<li>Suure efektiivsusega 7kW roostevabast terasest gaasip\u00f5letid on varustatud leegi kustumist kontrolliva s\u00fcsteemi, optimaalset p\u00f5lemist garanteeriva s\u00fcsteemiga ja kaitstud pilootleegiga<\/li>\n<li>Sobib kasutamiseks loodusliku v\u00f5i LPG gaasiga<\/li>\n<li>K\u00fcpsetusrest on valmistatud malmist ja kergelt puhastamiseks eemaldada<\/li>\n<li>Malmist k\u00fcpsetusrest on \u00fcmberp\u00f6\u00f6ratav- \u00fcks pool on m\u00f5eldud liha ja teine kala grillimiseks<\/li>\n<li>V\u00e4lispaneelid roostevabast terasest Scotch Brite pinnaviimistlusega<\/li>\n<li>\u00dches t\u00fckist pressitud \u00fclaosa on 1,5 mm paksust roostevabast terasest<\/li>\n<li>T\u00e4isnurksed servad v\u00f5imaldavad seadmeid omavahel tihedalt \u00fchendada<\/li>\n<\/ul>\n<p>M\u00f5\u00f5tmed: 400x730x250 mm<\/p>\n<p>V\u00f5imsus: 7 kW<\/p>\n<p>Kaubam\u00e4rk: Electrolux Professional<\/p>\n<p>Tooteleht: <a href=\"https:\/\/farwell.ee\/wp-content\/uploads\/371042.pdf\">371042<\/a><\/p>","protected":false},"featured_media":29841,"template":"","meta":{"_acf_changed":false,"inline_featured_image":false},"product_brand":[],"product_cat":[9668],"product_tag":[],"class_list":{"0":"post-29840","1":"product","2":"type-product","3":"status-publish","4":"has-post-thumbnail","6":"product_cat-grillid","8":"first","9":"outofstock","10":"shipping-taxable","11":"purchasable","12":"product-type-simple"},"acf":[],"_links":{"self":[{"href":"https:\/\/farwell.ee\/ru\/wp-json\/wp\/v2\/product\/29840","targetHints":{"allow":["GET"]}}],"collection":[{"href":"https:\/\/farwell.ee\/ru\/wp-json\/wp\/v2\/product"}],"about":[{"href":"https:\/\/farwell.ee\/ru\/wp-json\/wp\/v2\/types\/product"}],"wp:featuredmedia":[{"embeddable":true,"href":"https:\/\/farwell.ee\/ru\/wp-json\/wp\/v2\/media\/29841"}],"wp:attachment":[{"href":"https:\/\/farwell.ee\/ru\/wp-json\/wp\/v2\/media?parent=29840"}],"wp:term":[{"taxonomy":"product_brand","embeddable":true,"href":"https:\/\/farwell.ee\/ru\/wp-json\/wp\/v2\/product_brand?post=29840"},{"taxonomy":"product_cat","embeddable":true,"href":"https:\/\/farwell.ee\/ru\/wp-json\/wp\/v2\/product_cat?post=29840"},{"taxonomy":"product_tag","embeddable":true,"href":"https:\/\/farwell.ee\/ru\/wp-json\/wp\/v2\/product_tag?post=29840"}],"curies":[{"name":"wp","href":"https:\/\/api.w.org\/{rel}","templated":true}]}}