{"id":29837,"date":"2024-07-21T20:27:01","date_gmt":"2024-07-21T17:27:01","guid":{"rendered":"https:\/\/farwell.ee\/?post_type=product&#038;p=29837"},"modified":"2024-07-22T12:57:00","modified_gmt":"2024-07-22T09:57:00","slug":"gaasigrill-14kw-laavakividega-lauapealne-laius-800mm","status":"publish","type":"product","link":"https:\/\/farwell.ee\/ru\/product\/gaasigrill-14kw-laavakividega-lauapealne-laius-800mm\/","title":{"rendered":"Gaasigrill 14kW laavakividega, lauapealne, laius 800mm"},"content":{"rendered":"","protected":false},"excerpt":{"rendered":"<ul>\n<li>Paigaldamiseks avatud v\u00f5i sild t\u00fc\u00fcpi alusele ja cantileverile<\/li>\n<li>14kW roostevabast terasest gaasip\u00f5letid on varustatud leegi kustumist kontrolliva s\u00fcsteemiga<\/li>\n<li>Gaasip\u00f5letid on kaitstud roostevabast terasest peegelditega, mis v\u00e4ldivad p\u00f5letite ummistumist<\/li>\n<li>Sobib kasutamiseks loodusliku v\u00f5i LPG gaasiga<\/li>\n<li>K\u00fcpsetusrest on valmistatud malmist ja kergelt puhastamiseks eemaldada<\/li>\n<li>Malmist k\u00fcpsetusrest on \u00fcmberp\u00f6\u00f6ratav- \u00fcks pool on m\u00f5eldud liha ja teine kala grillimiseks<\/li>\n<li>V\u00e4lispaneelid roostevabast terasest Scotch Brite pinnaviimistlusega<\/li>\n<li>\u00dches t\u00fckist pressitud \u00fclaosa on 1,5 mm paksust roostevabast terasest<\/li>\n<li>T\u00e4isnurksed servad v\u00f5imaldavad seadmeid omavahel tihedalt \u00fchendada<\/li>\n<\/ul>\n<p>M\u00f5\u00f5tmed: 800x730x250 mm<\/p>\n<p>V\u00f5imsus: 14 kW<\/p>\n<p>Kaubam\u00e4rk: Electrolux Professional<\/p>\n<p>Tooteleht: <a href=\"https:\/\/farwell.ee\/wp-content\/uploads\/371045.pdf\">371045<\/a><\/p>","protected":false},"featured_media":29838,"template":"","meta":{"_acf_changed":false,"inline_featured_image":false},"product_brand":[],"product_cat":[9668],"product_tag":[],"class_list":{"0":"post-29837","1":"product","2":"type-product","3":"status-publish","4":"has-post-thumbnail","6":"product_cat-grillid","8":"first","9":"outofstock","10":"shipping-taxable","11":"purchasable","12":"product-type-simple"},"acf":[],"_links":{"self":[{"href":"https:\/\/farwell.ee\/ru\/wp-json\/wp\/v2\/product\/29837","targetHints":{"allow":["GET"]}}],"collection":[{"href":"https:\/\/farwell.ee\/ru\/wp-json\/wp\/v2\/product"}],"about":[{"href":"https:\/\/farwell.ee\/ru\/wp-json\/wp\/v2\/types\/product"}],"wp:featuredmedia":[{"embeddable":true,"href":"https:\/\/farwell.ee\/ru\/wp-json\/wp\/v2\/media\/29838"}],"wp:attachment":[{"href":"https:\/\/farwell.ee\/ru\/wp-json\/wp\/v2\/media?parent=29837"}],"wp:term":[{"taxonomy":"product_brand","embeddable":true,"href":"https:\/\/farwell.ee\/ru\/wp-json\/wp\/v2\/product_brand?post=29837"},{"taxonomy":"product_cat","embeddable":true,"href":"https:\/\/farwell.ee\/ru\/wp-json\/wp\/v2\/product_cat?post=29837"},{"taxonomy":"product_tag","embeddable":true,"href":"https:\/\/farwell.ee\/ru\/wp-json\/wp\/v2\/product_tag?post=29837"}],"curies":[{"name":"wp","href":"https:\/\/api.w.org\/{rel}","templated":true}]}}