{"id":29734,"date":"2024-07-12T13:45:04","date_gmt":"2024-07-12T10:45:04","guid":{"rendered":"https:\/\/farwell.ee\/toode\/pipraveski-ja-soolaveski-17cm-koos-alusega-urban\/"},"modified":"2026-03-13T11:45:04","modified_gmt":"2026-03-13T09:45:04","slug":"pipraveski-ja-soolaveski-17cm-koos-alusega-urban","status":"publish","type":"product","link":"https:\/\/farwell.ee\/ru\/product\/pipraveski-ja-soolaveski-17cm-koos-alusega-urban\/","title":{"rendered":"Pipraveski ja soolaveski 17cm koos alusega Urban"},"content":{"rendered":"","protected":false},"excerpt":{"rendered":"<p>3-osaline komplekt:<br \/>\n&#8211; soolaveski 17cm akaatsiapuidust<br \/>\n&#8211; pipraveski 17cm akaatsiapuidust<br \/>\n&#8211; alusraam k\u00e4epideme ja men\u00fc\u00fckaardi hoidikuga<br \/>\nMasinpesu ei ole lubatud !<\/p>","protected":false},"featured_media":29733,"template":"","meta":{"_acf_changed":false,"inline_featured_image":false},"product_brand":[],"product_cat":[171],"product_tag":[],"class_list":{"0":"post-29734","1":"product","2":"type-product","3":"status-publish","4":"has-post-thumbnail","6":"product_cat-soola-ja-pipraveskid","7":"pa_kaubamark-aps","9":"first","10":"instock","11":"shipping-taxable","12":"purchasable","13":"product-type-simple"},"acf":[],"_links":{"self":[{"href":"https:\/\/farwell.ee\/ru\/wp-json\/wp\/v2\/product\/29734","targetHints":{"allow":["GET"]}}],"collection":[{"href":"https:\/\/farwell.ee\/ru\/wp-json\/wp\/v2\/product"}],"about":[{"href":"https:\/\/farwell.ee\/ru\/wp-json\/wp\/v2\/types\/product"}],"wp:featuredmedia":[{"embeddable":true,"href":"https:\/\/farwell.ee\/ru\/wp-json\/wp\/v2\/media\/29733"}],"wp:attachment":[{"href":"https:\/\/farwell.ee\/ru\/wp-json\/wp\/v2\/media?parent=29734"}],"wp:term":[{"taxonomy":"product_brand","embeddable":true,"href":"https:\/\/farwell.ee\/ru\/wp-json\/wp\/v2\/product_brand?post=29734"},{"taxonomy":"product_cat","embeddable":true,"href":"https:\/\/farwell.ee\/ru\/wp-json\/wp\/v2\/product_cat?post=29734"},{"taxonomy":"product_tag","embeddable":true,"href":"https:\/\/farwell.ee\/ru\/wp-json\/wp\/v2\/product_tag?post=29734"}],"curies":[{"name":"wp","href":"https:\/\/api.w.org\/{rel}","templated":true}]}}