{"id":29709,"date":"2024-07-11T16:00:04","date_gmt":"2024-07-11T13:00:04","guid":{"rendered":"https:\/\/farwell.ee\/toode\/moodunoude-komplekt-mahud-6080125250ml\/"},"modified":"2026-03-05T16:00:11","modified_gmt":"2026-03-05T14:00:11","slug":"moodunoude-komplekt-mahud-6080125250ml","status":"publish","type":"product","link":"https:\/\/farwell.ee\/ru\/product\/moodunoude-komplekt-mahud-6080125250ml\/","title":{"rendered":"M\u00f5\u00f5dun\u00f5ude komplekt, mahud 60,80,125,250ml"},"content":{"rendered":"","protected":false},"excerpt":{"rendered":"","protected":false},"featured_media":29708,"template":"","meta":{"_acf_changed":false,"inline_featured_image":false},"product_brand":[],"product_cat":[150],"product_tag":[],"class_list":{"0":"post-29709","1":"product","2":"type-product","3":"status-publish","4":"has-post-thumbnail","6":"product_cat-moodukannud-lehtrid-ja-ambrid","7":"pa_kaubamark-paderno","9":"first","10":"outofstock","11":"shipping-taxable","12":"purchasable","13":"product-type-simple"},"acf":[],"_links":{"self":[{"href":"https:\/\/farwell.ee\/ru\/wp-json\/wp\/v2\/product\/29709","targetHints":{"allow":["GET"]}}],"collection":[{"href":"https:\/\/farwell.ee\/ru\/wp-json\/wp\/v2\/product"}],"about":[{"href":"https:\/\/farwell.ee\/ru\/wp-json\/wp\/v2\/types\/product"}],"wp:featuredmedia":[{"embeddable":true,"href":"https:\/\/farwell.ee\/ru\/wp-json\/wp\/v2\/media\/29708"}],"wp:attachment":[{"href":"https:\/\/farwell.ee\/ru\/wp-json\/wp\/v2\/media?parent=29709"}],"wp:term":[{"taxonomy":"product_brand","embeddable":true,"href":"https:\/\/farwell.ee\/ru\/wp-json\/wp\/v2\/product_brand?post=29709"},{"taxonomy":"product_cat","embeddable":true,"href":"https:\/\/farwell.ee\/ru\/wp-json\/wp\/v2\/product_cat?post=29709"},{"taxonomy":"product_tag","embeddable":true,"href":"https:\/\/farwell.ee\/ru\/wp-json\/wp\/v2\/product_tag?post=29709"}],"curies":[{"name":"wp","href":"https:\/\/api.w.org\/{rel}","templated":true}]}}