{"id":29657,"date":"2024-07-09T14:45:04","date_gmt":"2024-07-09T11:45:04","guid":{"rendered":"https:\/\/farwell.ee\/toode\/salvratikute-hoidja-136x146cm\/"},"modified":"2026-02-04T11:30:05","modified_gmt":"2026-02-04T09:30:05","slug":"salvratikuhoidja-136x146cm","status":"publish","type":"product","link":"https:\/\/farwell.ee\/ru\/product\/salvratikuhoidja-136x146cm\/","title":{"rendered":"Salvr\u00e4tikuhoidja 13,6&#215;14,6cm"},"content":{"rendered":"","protected":false},"excerpt":{"rendered":"<p>Tork\u00ae Xpressnap Snack\u00ae salvr\u00e4tijaoturid on ideaalseks lahenduseks kaasaegsetele piiratud teenindusega toitlustusasutustele,<br \/>\nkus salvr\u00e4tikud on laual.<br \/>\nEhtsatest materjalidest valmistatud stiilne jaotur v\u00e4ljastab salvr\u00e4tikuid \u00fckshaaval, olles h\u00fcgieenilisem ja v\u00e4hendades tarbimist v\u00e4hemalt 25%,<br \/>\nv\u00f5rreldes tavaliste salvr\u00e4tijaoturitega.<\/p>\n<p>Ruumis\u00e4\u00e4stlik jaotur kasutab v\u00f5imalikult v\u00e4ikest osa lauapinnast.<br \/>\nAjatu p\u00e4hklipuu disain on t\u00e4ienduseks stiilsele sisekujundusele.<\/p>","protected":false},"featured_media":36748,"template":"","meta":{"_acf_changed":false,"inline_featured_image":false},"product_brand":[],"product_cat":[12463],"product_tag":[],"class_list":{"0":"post-29657","1":"product","2":"type-product","3":"status-publish","4":"has-post-thumbnail","6":"product_cat-salvratikute-hoidjad","7":"pa_kaubamark-tork","9":"first","10":"outofstock","11":"shipping-taxable","12":"purchasable","13":"product-type-simple"},"acf":[],"_links":{"self":[{"href":"https:\/\/farwell.ee\/ru\/wp-json\/wp\/v2\/product\/29657","targetHints":{"allow":["GET"]}}],"collection":[{"href":"https:\/\/farwell.ee\/ru\/wp-json\/wp\/v2\/product"}],"about":[{"href":"https:\/\/farwell.ee\/ru\/wp-json\/wp\/v2\/types\/product"}],"wp:featuredmedia":[{"embeddable":true,"href":"https:\/\/farwell.ee\/ru\/wp-json\/wp\/v2\/media\/36748"}],"wp:attachment":[{"href":"https:\/\/farwell.ee\/ru\/wp-json\/wp\/v2\/media?parent=29657"}],"wp:term":[{"taxonomy":"product_brand","embeddable":true,"href":"https:\/\/farwell.ee\/ru\/wp-json\/wp\/v2\/product_brand?post=29657"},{"taxonomy":"product_cat","embeddable":true,"href":"https:\/\/farwell.ee\/ru\/wp-json\/wp\/v2\/product_cat?post=29657"},{"taxonomy":"product_tag","embeddable":true,"href":"https:\/\/farwell.ee\/ru\/wp-json\/wp\/v2\/product_tag?post=29657"}],"curies":[{"name":"wp","href":"https:\/\/api.w.org\/{rel}","templated":true}]}}