{"id":29516,"date":"2024-06-20T10:45:05","date_gmt":"2024-06-20T07:45:05","guid":{"rendered":"https:\/\/farwell.ee\/toode\/joogiklaas-21cl-ladustatav-next-12tk\/"},"modified":"2026-01-26T12:45:04","modified_gmt":"2026-01-26T10:45:04","slug":"joogiklaas-20cl-ladustatav-next-12tk","status":"publish","type":"product","link":"https:\/\/farwell.ee\/ru\/product\/joogiklaas-20cl-ladustatav-next-12tk\/","title":{"rendered":"Joogiklaas 20cl ladustatav Next 12tk"},"content":{"rendered":"","protected":false},"excerpt":{"rendered":"<p>T\u00e4ielikult karastatud klaas.<br \/>\nKlaasi m\u00f5\u00f5dud:<br \/>\nl\u00e4bim\u00f5\u00f5t \u00fclevalt\u00a0 7,15cm<br \/>\nl\u00e4bim\u00f5\u00f5t alt\u00a0 5,8cm<br \/>\nk\u00f5rgus\u00a0 8,4cm<\/p>\n<p>&nbsp;<\/p>","protected":false},"featured_media":34369,"template":"","meta":{"_acf_changed":false,"inline_featured_image":false},"product_brand":[],"product_cat":[185],"product_tag":[],"class_list":{"0":"post-29516","1":"product","2":"type-product","3":"status-publish","4":"has-post-thumbnail","6":"product_cat-vee-ja-viskiklaasid","7":"pa_kaubamark-pasabahce","9":"first","10":"outofstock","11":"shipping-taxable","12":"purchasable","13":"product-type-simple"},"acf":[],"_links":{"self":[{"href":"https:\/\/farwell.ee\/ru\/wp-json\/wp\/v2\/product\/29516","targetHints":{"allow":["GET"]}}],"collection":[{"href":"https:\/\/farwell.ee\/ru\/wp-json\/wp\/v2\/product"}],"about":[{"href":"https:\/\/farwell.ee\/ru\/wp-json\/wp\/v2\/types\/product"}],"wp:featuredmedia":[{"embeddable":true,"href":"https:\/\/farwell.ee\/ru\/wp-json\/wp\/v2\/media\/34369"}],"wp:attachment":[{"href":"https:\/\/farwell.ee\/ru\/wp-json\/wp\/v2\/media?parent=29516"}],"wp:term":[{"taxonomy":"product_brand","embeddable":true,"href":"https:\/\/farwell.ee\/ru\/wp-json\/wp\/v2\/product_brand?post=29516"},{"taxonomy":"product_cat","embeddable":true,"href":"https:\/\/farwell.ee\/ru\/wp-json\/wp\/v2\/product_cat?post=29516"},{"taxonomy":"product_tag","embeddable":true,"href":"https:\/\/farwell.ee\/ru\/wp-json\/wp\/v2\/product_tag?post=29516"}],"curies":[{"name":"wp","href":"https:\/\/api.w.org\/{rel}","templated":true}]}}