{"id":29490,"date":"2024-06-18T13:00:04","date_gmt":"2024-06-18T10:00:04","guid":{"rendered":"https:\/\/farwell.ee\/toode\/kuttematt-100w-autosse-alalisvooluga-12v-142v\/"},"modified":"2026-01-16T12:30:06","modified_gmt":"2026-01-16T10:30:06","slug":"kuttematt-100w-autosse-alalisvooluga-12v-142v","status":"publish","type":"product","link":"https:\/\/farwell.ee\/ru\/product\/kuttematt-100w-autosse-alalisvooluga-12v-142v\/","title":{"rendered":"K\u00fcttematt 100W autosse, alalisvooluga 12V-14,2V"},"content":{"rendered":"","protected":false},"excerpt":{"rendered":"<p>Soojamatt on m\u00f5eldud toidu soojashoidmise aja pikendamiseks.<br \/>\nM\u00f5\u00f5dud 49,5&#215;28,5&#215;1,2cm.<br \/>\nElekter:\u00a0 12-14,2V , auto sigaretis\u00fc\u00fctaja pistikuga.<br \/>\nSoojeneb temperatuurini 75\u00b0C vaid 10 minutiga p\u00e4rast vooluv\u00f5rku \u00fchendamist.<br \/>\nSoojamatt sobib Cambro Gn 1\/1 m\u00f5\u00f5dus termokastidesse.<br \/>\nLihtsalt asetage soojamatt termokasti v\u00f5i termokoti p\u00f5hja ja l\u00fclitage vooluv\u00f5rku.<br \/>\nSoojamatti saab kasutada ka kuuma toidu serveerimisel v\u00e4ljastusletis v\u00f5i rootsi lauas.<\/p>","protected":false},"featured_media":29494,"template":"","meta":{"_acf_changed":false,"inline_featured_image":false},"product_brand":[],"product_cat":[5879],"product_tag":[],"class_list":{"0":"post-29490","1":"product","2":"type-product","3":"status-publish","4":"has-post-thumbnail","6":"product_cat-termokotid-sailitus-transport","7":"pa_kaubamark-cambro","9":"first","10":"outofstock","11":"shipping-taxable","12":"purchasable","13":"product-type-simple"},"acf":[],"_links":{"self":[{"href":"https:\/\/farwell.ee\/ru\/wp-json\/wp\/v2\/product\/29490","targetHints":{"allow":["GET"]}}],"collection":[{"href":"https:\/\/farwell.ee\/ru\/wp-json\/wp\/v2\/product"}],"about":[{"href":"https:\/\/farwell.ee\/ru\/wp-json\/wp\/v2\/types\/product"}],"wp:featuredmedia":[{"embeddable":true,"href":"https:\/\/farwell.ee\/ru\/wp-json\/wp\/v2\/media\/29494"}],"wp:attachment":[{"href":"https:\/\/farwell.ee\/ru\/wp-json\/wp\/v2\/media?parent=29490"}],"wp:term":[{"taxonomy":"product_brand","embeddable":true,"href":"https:\/\/farwell.ee\/ru\/wp-json\/wp\/v2\/product_brand?post=29490"},{"taxonomy":"product_cat","embeddable":true,"href":"https:\/\/farwell.ee\/ru\/wp-json\/wp\/v2\/product_cat?post=29490"},{"taxonomy":"product_tag","embeddable":true,"href":"https:\/\/farwell.ee\/ru\/wp-json\/wp\/v2\/product_tag?post=29490"}],"curies":[{"name":"wp","href":"https:\/\/api.w.org\/{rel}","templated":true}]}}