{"id":29488,"date":"2024-06-18T12:30:05","date_gmt":"2024-06-18T09:30:05","guid":{"rendered":"https:\/\/farwell.ee\/toode\/serveerimisalus-kuldne-3kordne-o30-25-20cm-x-47cm\/"},"modified":"2026-02-18T09:30:08","modified_gmt":"2026-02-18T07:30:08","slug":"serveerimisalus-kuldne-3kordne-o30-25-20cm-x-47cm","status":"publish","type":"product","link":"https:\/\/farwell.ee\/ru\/product\/serveerimisalus-kuldne-3kordne-o30-25-20cm-x-47cm\/","title":{"rendered":"Serveerimisalus 3-kordne, \u00d830\/25\/20cm x 47cm"},"content":{"rendered":"","protected":false},"excerpt":{"rendered":"<p>\u00c4rge v\u00f5tke p\u00e4rast kokkupanekut lahti !<br \/>\nMasinpesu ei ole lubatud !<\/p>","protected":false},"featured_media":29503,"template":"","meta":{"_acf_changed":false,"inline_featured_image":false},"product_brand":[],"product_cat":[166],"product_tag":[],"class_list":{"0":"post-29488","1":"product","2":"type-product","3":"status-publish","4":"has-post-thumbnail","6":"product_cat-serveerimisalused-ja-kausid","7":"pa_kaubamark-stylepoint","9":"first","10":"outofstock","11":"shipping-taxable","12":"purchasable","13":"product-type-simple"},"acf":[],"_links":{"self":[{"href":"https:\/\/farwell.ee\/ru\/wp-json\/wp\/v2\/product\/29488","targetHints":{"allow":["GET"]}}],"collection":[{"href":"https:\/\/farwell.ee\/ru\/wp-json\/wp\/v2\/product"}],"about":[{"href":"https:\/\/farwell.ee\/ru\/wp-json\/wp\/v2\/types\/product"}],"wp:featuredmedia":[{"embeddable":true,"href":"https:\/\/farwell.ee\/ru\/wp-json\/wp\/v2\/media\/29503"}],"wp:attachment":[{"href":"https:\/\/farwell.ee\/ru\/wp-json\/wp\/v2\/media?parent=29488"}],"wp:term":[{"taxonomy":"product_brand","embeddable":true,"href":"https:\/\/farwell.ee\/ru\/wp-json\/wp\/v2\/product_brand?post=29488"},{"taxonomy":"product_cat","embeddable":true,"href":"https:\/\/farwell.ee\/ru\/wp-json\/wp\/v2\/product_cat?post=29488"},{"taxonomy":"product_tag","embeddable":true,"href":"https:\/\/farwell.ee\/ru\/wp-json\/wp\/v2\/product_tag?post=29488"}],"curies":[{"name":"wp","href":"https:\/\/api.w.org\/{rel}","templated":true}]}}