{"id":29455,"date":"2024-06-13T14:15:04","date_gmt":"2024-06-13T11:15:04","guid":{"rendered":"https:\/\/farwell.ee\/toode\/koogikauss-45l-umar-plastikust-kaanega\/"},"modified":"2026-03-18T14:30:06","modified_gmt":"2026-03-18T12:30:06","slug":"koogikauss-45l-umar-plastikust-kaanega","status":"publish","type":"product","link":"https:\/\/farwell.ee\/ru\/product\/koogikauss-45l-umar-plastikust-kaanega\/","title":{"rendered":"K\u00f6\u00f6gikauss 4,5L \u00fcmar, plastikust kaanega"},"content":{"rendered":"","protected":false},"excerpt":{"rendered":"<p>K\u00e4ep\u00e4rane kaanega segamiskauss, millega saab toite valmistada, s\u00e4ilitada ja serveerida.<br \/>\nKaasas \u00f5hukindel l\u00e4bipaistev kaas.<br \/>\nMahum\u00e4rgistus ml \/oz kausi sisek\u00fcljel.<br \/>\nSilikoonist alus hoiab kaussi kindlalt paigal.<br \/>\nErim\u00f5\u00f5dulisi kausse on mugav hoida \u00fcksteise sees v\u00f5i kaanega \u00fcksteise peale laduda.<\/p>\n<p>V\u00e4lisl\u00e4bim\u00f5\u00f5t: 27 cm<br \/>\nSisel\u00e4bim\u00f5\u00f5t: 24 cm<\/p>","protected":false},"featured_media":29454,"template":"","meta":{"_acf_changed":false,"inline_featured_image":false},"product_brand":[],"product_cat":[131],"product_tag":[],"class_list":{"0":"post-29455","1":"product","2":"type-product","3":"status-publish","4":"has-post-thumbnail","6":"product_cat-kastrulid-ja-kausid","7":"pa_kaubamark-gefu","9":"first","10":"instock","11":"shipping-taxable","12":"purchasable","13":"product-type-simple"},"acf":[],"_links":{"self":[{"href":"https:\/\/farwell.ee\/ru\/wp-json\/wp\/v2\/product\/29455","targetHints":{"allow":["GET"]}}],"collection":[{"href":"https:\/\/farwell.ee\/ru\/wp-json\/wp\/v2\/product"}],"about":[{"href":"https:\/\/farwell.ee\/ru\/wp-json\/wp\/v2\/types\/product"}],"wp:featuredmedia":[{"embeddable":true,"href":"https:\/\/farwell.ee\/ru\/wp-json\/wp\/v2\/media\/29454"}],"wp:attachment":[{"href":"https:\/\/farwell.ee\/ru\/wp-json\/wp\/v2\/media?parent=29455"}],"wp:term":[{"taxonomy":"product_brand","embeddable":true,"href":"https:\/\/farwell.ee\/ru\/wp-json\/wp\/v2\/product_brand?post=29455"},{"taxonomy":"product_cat","embeddable":true,"href":"https:\/\/farwell.ee\/ru\/wp-json\/wp\/v2\/product_cat?post=29455"},{"taxonomy":"product_tag","embeddable":true,"href":"https:\/\/farwell.ee\/ru\/wp-json\/wp\/v2\/product_tag?post=29455"}],"curies":[{"name":"wp","href":"https:\/\/api.w.org\/{rel}","templated":true}]}}