{"id":29338,"date":"2024-06-10T09:30:06","date_gmt":"2024-06-10T06:30:06","guid":{"rendered":"https:\/\/farwell.ee\/toode\/vispel-27cm-jaik-8-traadiga-pp-kaepide\/"},"modified":"2026-01-09T10:45:09","modified_gmt":"2026-01-09T08:45:09","slug":"vispel-27cm-jaik-8-traadiga-pp-kaepide","status":"publish","type":"product","link":"https:\/\/farwell.ee\/ru\/product\/vispel-27cm-jaik-8-traadiga-pp-kaepide\/","title":{"rendered":"Vispel 27cm j\u00e4ik, 8-traadiga, PP-k\u00e4epide"},"content":{"rendered":"","protected":false},"excerpt":{"rendered":"<p>Vispel segamiseks.<br \/>\nJ\u00e4igad traadid.<br \/>\nPol\u00fcprop\u00fcleenist k\u00e4epide riputusaasaga.<br \/>\nTraatide paksus 2mm.<br \/>\nMasinpestav.<\/p>","protected":false},"featured_media":29345,"template":"","meta":{"_acf_changed":false,"inline_featured_image":false},"product_brand":[],"product_cat":[187],"product_tag":[],"class_list":{"0":"post-29338","1":"product","2":"type-product","3":"status-publish","4":"has-post-thumbnail","6":"product_cat-visplid-ja-molad","7":"pa_kaubamark-hendi","9":"first","10":"outofstock","11":"shipping-taxable","12":"purchasable","13":"product-type-simple"},"acf":[],"_links":{"self":[{"href":"https:\/\/farwell.ee\/ru\/wp-json\/wp\/v2\/product\/29338","targetHints":{"allow":["GET"]}}],"collection":[{"href":"https:\/\/farwell.ee\/ru\/wp-json\/wp\/v2\/product"}],"about":[{"href":"https:\/\/farwell.ee\/ru\/wp-json\/wp\/v2\/types\/product"}],"wp:featuredmedia":[{"embeddable":true,"href":"https:\/\/farwell.ee\/ru\/wp-json\/wp\/v2\/media\/29345"}],"wp:attachment":[{"href":"https:\/\/farwell.ee\/ru\/wp-json\/wp\/v2\/media?parent=29338"}],"wp:term":[{"taxonomy":"product_brand","embeddable":true,"href":"https:\/\/farwell.ee\/ru\/wp-json\/wp\/v2\/product_brand?post=29338"},{"taxonomy":"product_cat","embeddable":true,"href":"https:\/\/farwell.ee\/ru\/wp-json\/wp\/v2\/product_cat?post=29338"},{"taxonomy":"product_tag","embeddable":true,"href":"https:\/\/farwell.ee\/ru\/wp-json\/wp\/v2\/product_tag?post=29338"}],"curies":[{"name":"wp","href":"https:\/\/api.w.org\/{rel}","templated":true}]}}