{"id":29310,"date":"2024-06-06T15:00:06","date_gmt":"2024-06-06T12:00:06","guid":{"rendered":"https:\/\/farwell.ee\/toode\/taskukaal-650g-tapsusklass-01g\/"},"modified":"2026-03-31T13:00:03","modified_gmt":"2026-03-31T10:00:03","slug":"taskukaal-650g-tapsusklass-01g","status":"publish","type":"product","link":"https:\/\/farwell.ee\/ru\/product\/taskukaal-650g-tapsusklass-01g\/","title":{"rendered":"Taskukaal 650g, t\u00e4psusklass 0,1g"},"content":{"rendered":"","protected":false},"excerpt":{"rendered":"<p>T\u00e4ppiskaal, mis m\u00f5\u00f5dab kuni 650 grammi ja mille t\u00e4psus on 0,1 grammi ja minimaalne kaal on vaid 0,4 grammi.<br \/>\nT\u00e4pne k\u00f6\u00f6gikaal digitaalse valgustatud ekraani ning &#8220;Hold&#8221; ja taara funktsiooniga.<br \/>\nDigitaalne t\u00e4ppiskaal l\u00fclitub energia s\u00e4\u00e4stmiseks minuti jooksul ise v\u00e4lja.<\/p>\n<p>T\u00e4ppiskaal on suurep\u00e4rane k\u00fcpsetamiseks, t\u00e4pseks toiduvalmistamiseks ja molekulaarse k\u00f6\u00f6gi austajatele.<br \/>\nKaalu on lihtne kaasas kanda.<br \/>\n\u00dchikute valikud: g\/oz\/ozt\/ct<\/p>\n<p>Toote m\u00f5\u00f5dud 130 x 80 x 20mm.<br \/>\nKomplektis on patareid (2\u00d71,5v AAA).<\/p>","protected":false},"featured_media":36386,"template":"","meta":{"_acf_changed":false,"inline_featured_image":false},"product_brand":[],"product_cat":[12393],"product_tag":[9496,9497],"class_list":{"0":"post-29310","1":"product","2":"type-product","3":"status-publish","4":"has-post-thumbnail","6":"product_cat-kaalud","7":"product_tag-tappiskaal","8":"product_tag-tapsuskaal","9":"pa_kaubamark-lacor","11":"first","12":"instock","13":"shipping-taxable","14":"purchasable","15":"product-type-simple"},"acf":[],"_links":{"self":[{"href":"https:\/\/farwell.ee\/ru\/wp-json\/wp\/v2\/product\/29310","targetHints":{"allow":["GET"]}}],"collection":[{"href":"https:\/\/farwell.ee\/ru\/wp-json\/wp\/v2\/product"}],"about":[{"href":"https:\/\/farwell.ee\/ru\/wp-json\/wp\/v2\/types\/product"}],"wp:featuredmedia":[{"embeddable":true,"href":"https:\/\/farwell.ee\/ru\/wp-json\/wp\/v2\/media\/36386"}],"wp:attachment":[{"href":"https:\/\/farwell.ee\/ru\/wp-json\/wp\/v2\/media?parent=29310"}],"wp:term":[{"taxonomy":"product_brand","embeddable":true,"href":"https:\/\/farwell.ee\/ru\/wp-json\/wp\/v2\/product_brand?post=29310"},{"taxonomy":"product_cat","embeddable":true,"href":"https:\/\/farwell.ee\/ru\/wp-json\/wp\/v2\/product_cat?post=29310"},{"taxonomy":"product_tag","embeddable":true,"href":"https:\/\/farwell.ee\/ru\/wp-json\/wp\/v2\/product_tag?post=29310"}],"curies":[{"name":"wp","href":"https:\/\/api.w.org\/{rel}","templated":true}]}}