{"id":29117,"date":"2024-05-20T12:30:04","date_gmt":"2024-05-20T09:30:04","guid":{"rendered":"https:\/\/farwell.ee\/toode\/pipraveski-22cm-nancy\/"},"modified":"2026-03-24T10:15:05","modified_gmt":"2026-03-24T08:15:05","slug":"pipraveski-22cm-nancy","status":"publish","type":"product","link":"https:\/\/farwell.ee\/ru\/product\/pipraveski-22cm-nancy\/","title":{"rendered":"Pipraveski 22cm Nancy"},"content":{"rendered":"","protected":false},"excerpt":{"rendered":"<p>Veskiga saab jahvatada:<br \/>\n&#8211; mustad, valged ja punased pipraterad, kuivatatud koriander.<br \/>\n&#8211; roosad pipraterad, ainult siis, kui on segus m\u00f5ne \u00fclaltoodud piprateraga.<br \/>\n&#8211; terasid l\u00e4bim\u00f5\u00f5duga 6 mm v\u00f5i v\u00e4hem.<\/p>\n<p>Toodetud Prantsusmaal.<\/p>","protected":false},"featured_media":29116,"template":"","meta":{"_acf_changed":false,"inline_featured_image":false},"product_brand":[],"product_cat":[171],"product_tag":[],"class_list":{"0":"post-29117","1":"product","2":"type-product","3":"status-publish","4":"has-post-thumbnail","6":"product_cat-soola-ja-pipraveskid","7":"pa_kaubamark-peugeot","9":"first","10":"outofstock","11":"shipping-taxable","12":"purchasable","13":"product-type-simple"},"acf":[],"_links":{"self":[{"href":"https:\/\/farwell.ee\/ru\/wp-json\/wp\/v2\/product\/29117","targetHints":{"allow":["GET"]}}],"collection":[{"href":"https:\/\/farwell.ee\/ru\/wp-json\/wp\/v2\/product"}],"about":[{"href":"https:\/\/farwell.ee\/ru\/wp-json\/wp\/v2\/types\/product"}],"wp:featuredmedia":[{"embeddable":true,"href":"https:\/\/farwell.ee\/ru\/wp-json\/wp\/v2\/media\/29116"}],"wp:attachment":[{"href":"https:\/\/farwell.ee\/ru\/wp-json\/wp\/v2\/media?parent=29117"}],"wp:term":[{"taxonomy":"product_brand","embeddable":true,"href":"https:\/\/farwell.ee\/ru\/wp-json\/wp\/v2\/product_brand?post=29117"},{"taxonomy":"product_cat","embeddable":true,"href":"https:\/\/farwell.ee\/ru\/wp-json\/wp\/v2\/product_cat?post=29117"},{"taxonomy":"product_tag","embeddable":true,"href":"https:\/\/farwell.ee\/ru\/wp-json\/wp\/v2\/product_tag?post=29117"}],"curies":[{"name":"wp","href":"https:\/\/api.w.org\/{rel}","templated":true}]}}