{"id":29099,"date":"2024-05-17T14:45:05","date_gmt":"2024-05-17T11:45:05","guid":{"rendered":"https:\/\/farwell.ee\/toode\/kruus-30cl-bpa-vaba-bioplastik\/"},"modified":"2025-12-01T11:15:04","modified_gmt":"2025-12-01T09:15:04","slug":"kruus-30cl-bpa-vaba-bioplastik","status":"publish","type":"product","link":"https:\/\/farwell.ee\/ru\/product\/kruus-30cl-bpa-vaba-bioplastik\/","title":{"rendered":"Kruus 30cl BPA-vaba bioplastik"},"content":{"rendered":"","protected":false},"excerpt":{"rendered":"<p>Vastupidav ja kerge, sobib suurep\u00e4raselt v\u00e4litingimustes kasutamiseks.<br \/>\nValmistatud biop\u00f5hisest plastikust, materjal on saadud suhkruroost.<br \/>\nEnam kui 80% v\u00f5rra on s\u00fcsinikdioksiidi jalaj\u00e4lg v\u00e4henenud v\u00f5rreldes tavalise plastist sarnase tootega.<\/p>\n<p>Lubatud temperatuurivahemik -40\u00b0C kuni +100\u00b0C.<br \/>\nMasinpestav.<br \/>\nLubatud kasutada mikroalineahjus.<\/p>","protected":false},"featured_media":29102,"template":"","meta":{"_acf_changed":false,"inline_featured_image":false},"product_brand":[],"product_cat":[179],"product_tag":[],"class_list":{"0":"post-29099","1":"product","2":"type-product","3":"status-publish","4":"has-post-thumbnail","6":"product_cat-tassid","7":"pa_kaubamark-gastromax","9":"first","10":"outofstock","11":"shipping-taxable","12":"purchasable","13":"product-type-simple"},"acf":[],"_links":{"self":[{"href":"https:\/\/farwell.ee\/ru\/wp-json\/wp\/v2\/product\/29099","targetHints":{"allow":["GET"]}}],"collection":[{"href":"https:\/\/farwell.ee\/ru\/wp-json\/wp\/v2\/product"}],"about":[{"href":"https:\/\/farwell.ee\/ru\/wp-json\/wp\/v2\/types\/product"}],"wp:featuredmedia":[{"embeddable":true,"href":"https:\/\/farwell.ee\/ru\/wp-json\/wp\/v2\/media\/29102"}],"wp:attachment":[{"href":"https:\/\/farwell.ee\/ru\/wp-json\/wp\/v2\/media?parent=29099"}],"wp:term":[{"taxonomy":"product_brand","embeddable":true,"href":"https:\/\/farwell.ee\/ru\/wp-json\/wp\/v2\/product_brand?post=29099"},{"taxonomy":"product_cat","embeddable":true,"href":"https:\/\/farwell.ee\/ru\/wp-json\/wp\/v2\/product_cat?post=29099"},{"taxonomy":"product_tag","embeddable":true,"href":"https:\/\/farwell.ee\/ru\/wp-json\/wp\/v2\/product_tag?post=29099"}],"curies":[{"name":"wp","href":"https:\/\/api.w.org\/{rel}","templated":true}]}}