{"id":28952,"date":"2024-05-10T10:15:07","date_gmt":"2024-05-10T07:15:07","guid":{"rendered":"https:\/\/farwell.ee\/toode\/terituskivi-e-vesiluisk-1000dmi-king-deluxe\/"},"modified":"2025-07-01T14:45:09","modified_gmt":"2025-07-01T11:45:09","slug":"terituskivi-e-vesiluisk-1000dmi-king-deluxe","status":"publish","type":"product","link":"https:\/\/farwell.ee\/ru\/product\/terituskivi-e-vesiluisk-1000dmi-king-deluxe\/","title":{"rendered":"Terituskivi e. vesiluisk 1000dmi King Deluxe"},"content":{"rendered":"","protected":false},"excerpt":{"rendered":"<p>See 1000 dmi teralisusega vesiluisk on t\u00e4nu oma suurusele parim valik profik\u00f6\u00f6ki, kus on vaja teritada tihti ja palju.<br \/>\nEriti sobilik suuremate kokanugade ja pikkade viilutusnugade teritamiseks.<br \/>\n1000 dmi teralisusega vesiluisk on m\u00f5eldud eelk\u00f5ige l\u00f5iketerade hooldusterituseks ehk siis nugade puhul, mis on veel heas korras ja ei ole p\u00e4ris n\u00fcrid.<br \/>\nTerituskivi on aluseta!<br \/>\nToodetud Jaapanis.<\/p>","protected":false},"featured_media":28951,"template":"","meta":{"_acf_changed":false,"inline_featured_image":false},"product_brand":[],"product_cat":[140],"product_tag":[],"class_list":{"0":"post-28952","1":"product","2":"type-product","3":"status-publish","4":"has-post-thumbnail","6":"product_cat-kooginoad","7":"pa_kaubamark-king","9":"first","10":"outofstock","11":"shipping-taxable","12":"purchasable","13":"product-type-simple"},"acf":[],"_links":{"self":[{"href":"https:\/\/farwell.ee\/ru\/wp-json\/wp\/v2\/product\/28952","targetHints":{"allow":["GET"]}}],"collection":[{"href":"https:\/\/farwell.ee\/ru\/wp-json\/wp\/v2\/product"}],"about":[{"href":"https:\/\/farwell.ee\/ru\/wp-json\/wp\/v2\/types\/product"}],"wp:featuredmedia":[{"embeddable":true,"href":"https:\/\/farwell.ee\/ru\/wp-json\/wp\/v2\/media\/28951"}],"wp:attachment":[{"href":"https:\/\/farwell.ee\/ru\/wp-json\/wp\/v2\/media?parent=28952"}],"wp:term":[{"taxonomy":"product_brand","embeddable":true,"href":"https:\/\/farwell.ee\/ru\/wp-json\/wp\/v2\/product_brand?post=28952"},{"taxonomy":"product_cat","embeddable":true,"href":"https:\/\/farwell.ee\/ru\/wp-json\/wp\/v2\/product_cat?post=28952"},{"taxonomy":"product_tag","embeddable":true,"href":"https:\/\/farwell.ee\/ru\/wp-json\/wp\/v2\/product_tag?post=28952"}],"curies":[{"name":"wp","href":"https:\/\/api.w.org\/{rel}","templated":true}]}}