{"id":28784,"date":"2024-05-06T14:30:05","date_gmt":"2024-05-06T11:30:05","guid":{"rendered":"https:\/\/farwell.ee\/toode\/pliini-ja-munapann-24cm-4-suvendiga-malmist\/"},"modified":"2026-02-09T10:30:04","modified_gmt":"2026-02-09T08:30:04","slug":"pliini-ja-munapann-24cm-4-suvendiga-malmist","status":"publish","type":"product","link":"https:\/\/farwell.ee\/ru\/product\/pliini-ja-munapann-24cm-4-suvendiga-malmist\/","title":{"rendered":"Pliini-ja munapann 24cm 4-s\u00fcvendiga, malmist"},"content":{"rendered":"","protected":false},"excerpt":{"rendered":"<p>Malmist pliinipann ehk munapann on valmistatud looduslikest materjalidest, millel on monoliitne malmist k\u00e4epide.<br \/>\nMalmpann on tehases rasvp\u00f5letatud.<br \/>\nPann on 4-s\u00fcvendiga.<br \/>\nSobilik k\u00f5ikidele pliidit\u00fc\u00fcpidele , ka induktsioonile.<br \/>\nETTEVAATUST !\u00a0 Malmist k\u00e4epide l\u00e4heb praadimisel tuliseks ! Kasuta pajakindaid v\u00f5i k\u00e4epideme kaitset koodiga 150500.<br \/>\nMasinpesu ei ole lubatud !<br \/>\nKaal 1,5 kg<\/p>\n<p>Valurauast pannid on pikaealised, kannatavad h\u00e4sti kuumust ja intensiivset kasutamist.<br \/>\nValurauast panne v\u00f5ib kasutada k\u00f5ikidel pliitidel ja ka ahjus (kui pannil on terasest v\u00f5i valurauast k\u00e4epide).<br \/>\nMalmi pind n\u00f5uab kaitset, n\u00e4iteks m\u00e4\u00e4rimist rasvainega v\u00f5i \u00f5liga, et see ei roostetaks.<br \/>\nTehasest tulnud n\u00f5u on kasutuseks valmis, kuid ei n\u00e4ita veel oma parimaid omadusi.<br \/>\nSee n\u00f5uab \u201dsisset\u00f6\u00f6tamist\u201d: laialdast kasutust, k\u00fcllaltki suure rasvakogusega praadimist ja peale m\u00f5nekuulist kasutamist vajadusel rasvap\u00f5letamist.<\/p>\n<p><a href=\"https:\/\/farwell.ee\/ru\/blog\/kuidas-valida-panni-osa-2-malmpannid\/\">Tutvu ka malmpannide blogiga<\/a><\/p>","protected":false},"featured_media":28783,"template":"","meta":{"_acf_changed":false,"inline_featured_image":false},"product_brand":[],"product_cat":[152],"product_tag":[6143,6145],"class_list":{"0":"post-28784","1":"product","2":"type-product","3":"status-publish","4":"has-post-thumbnail","6":"product_cat-pannid","7":"product_tag-praadimispann","8":"product_tag-praepann","9":"pa_kaubamark-ronneby-bruk","11":"first","12":"instock","13":"shipping-taxable","14":"purchasable","15":"product-type-simple"},"acf":[],"_links":{"self":[{"href":"https:\/\/farwell.ee\/ru\/wp-json\/wp\/v2\/product\/28784","targetHints":{"allow":["GET"]}}],"collection":[{"href":"https:\/\/farwell.ee\/ru\/wp-json\/wp\/v2\/product"}],"about":[{"href":"https:\/\/farwell.ee\/ru\/wp-json\/wp\/v2\/types\/product"}],"wp:featuredmedia":[{"embeddable":true,"href":"https:\/\/farwell.ee\/ru\/wp-json\/wp\/v2\/media\/28783"}],"wp:attachment":[{"href":"https:\/\/farwell.ee\/ru\/wp-json\/wp\/v2\/media?parent=28784"}],"wp:term":[{"taxonomy":"product_brand","embeddable":true,"href":"https:\/\/farwell.ee\/ru\/wp-json\/wp\/v2\/product_brand?post=28784"},{"taxonomy":"product_cat","embeddable":true,"href":"https:\/\/farwell.ee\/ru\/wp-json\/wp\/v2\/product_cat?post=28784"},{"taxonomy":"product_tag","embeddable":true,"href":"https:\/\/farwell.ee\/ru\/wp-json\/wp\/v2\/product_tag?post=28784"}],"curies":[{"name":"wp","href":"https:\/\/api.w.org\/{rel}","templated":true}]}}