{"id":28772,"date":"2024-05-06T11:45:05","date_gmt":"2024-05-06T08:45:05","guid":{"rendered":"https:\/\/farwell.ee\/toode\/praepann-24cm-kaaneta-kerge-malm\/"},"modified":"2025-11-10T11:15:06","modified_gmt":"2025-11-10T09:15:06","slug":"praepann-24cm-kaaneta-kerge-malm","status":"publish","type":"product","link":"https:\/\/farwell.ee\/ru\/product\/praepann-24cm-kaaneta-kerge-malm\/","title":{"rendered":"Praepann 24cm kaaneta, kerge malm"},"content":{"rendered":"","protected":false},"excerpt":{"rendered":"<p>Ultra Light sarja malmpann on valmistatud looduslikest materjalidest ja uue tehnoloogiaga, mis on oluliselt kergem tavalistest malmpannidest.<\/p>\n<p>Valurauast panne v\u00f5ib kasutada k\u00f5ikidel pliidit\u00fc\u00fcpidel ja ka ahjus (kui pannil on terasest v\u00f5i valurauast k\u00e4epide).<\/p>\n<p>\u00d5hemast malmist pannid kuumenevad palju kiiremini. Seet\u00f5ttu soovitame oma pliidiplaadil kasutada tavap\u00e4rasest palju v\u00e4iksemaid v\u00f5imsusi, et v\u00e4ltida toidu kleepumist pannile ning seej\u00e4rel j\u00e4rk-j\u00e4rgult \u00f5ppida, millist kuumust on vaja nende pannidega oma pliidil praadimiseks. M\u00f5ned pliidiplaadid on v\u00f5imsamad kui teised.<\/p>\n<p>Kui kasutate induktsioonpliidiplaati, on meie tungiv soovitus mitte kasutada v\u00f5imendusefekti ehk BOOST efekti.<br \/>\nT\u00e4nu sellele saavutab see v\u00e4ga kiiresti \u00fclik\u00f5rge temperatuuri ja raskendab temperatuuri kontrollimist, samuti v\u00f5ib see p\u00f5hja kergelt kumeraks muuta.<\/p>\n<p>Malmi pind n\u00f5uab kaitset, n\u00e4iteks m\u00e4\u00e4rimist rasvainega v\u00f5i \u00f5liga, et see ei roostetaks.<br \/>\nSee malmpann rasvp\u00f5letatakse rasvaga juba tehases.<br \/>\nTehasest tulnud n\u00f5u on kasutuseks valmis, kuid ei n\u00e4ita veel oma parimaid omadusi.<br \/>\nSee n\u00f5uab \u201dsisset\u00f6\u00f6tamist\u201d: laialdast kasutust, k\u00fcllaltki suure rasvakogusega praadimist ja peale m\u00f5nekuulist kasutamist vajadusel rasvap\u00f5letamist.<\/p>\n<p>Sobilik k\u00f5ikidele pliidit\u00fc\u00fcpidele , ka induktsioonile.<br \/>\nPanni p\u00f5hja l\u00e4bim\u00f5\u00f5t on 18,5cm.<br \/>\nMasinpesu ei ole lubatud !<\/p>\n<p><a href=\"https:\/\/farwell.ee\/ru\/blog\/kuidas-valida-panni-osa-2-malmpannid\/\">Tutvu ka malmpannide blogiga<\/a><\/p>","protected":false},"featured_media":28771,"template":"","meta":{"_acf_changed":false,"inline_featured_image":false},"product_brand":[],"product_cat":[152],"product_tag":[],"class_list":{"0":"post-28772","1":"product","2":"type-product","3":"status-publish","4":"has-post-thumbnail","6":"product_cat-pannid","7":"pa_kaubamark-ronneby-bruk","9":"first","10":"instock","11":"shipping-taxable","12":"purchasable","13":"product-type-simple"},"acf":[],"_links":{"self":[{"href":"https:\/\/farwell.ee\/ru\/wp-json\/wp\/v2\/product\/28772","targetHints":{"allow":["GET"]}}],"collection":[{"href":"https:\/\/farwell.ee\/ru\/wp-json\/wp\/v2\/product"}],"about":[{"href":"https:\/\/farwell.ee\/ru\/wp-json\/wp\/v2\/types\/product"}],"wp:featuredmedia":[{"embeddable":true,"href":"https:\/\/farwell.ee\/ru\/wp-json\/wp\/v2\/media\/28771"}],"wp:attachment":[{"href":"https:\/\/farwell.ee\/ru\/wp-json\/wp\/v2\/media?parent=28772"}],"wp:term":[{"taxonomy":"product_brand","embeddable":true,"href":"https:\/\/farwell.ee\/ru\/wp-json\/wp\/v2\/product_brand?post=28772"},{"taxonomy":"product_cat","embeddable":true,"href":"https:\/\/farwell.ee\/ru\/wp-json\/wp\/v2\/product_cat?post=28772"},{"taxonomy":"product_tag","embeddable":true,"href":"https:\/\/farwell.ee\/ru\/wp-json\/wp\/v2\/product_tag?post=28772"}],"curies":[{"name":"wp","href":"https:\/\/api.w.org\/{rel}","templated":true}]}}