{"id":28721,"date":"2024-05-02T15:00:05","date_gmt":"2024-05-02T12:00:05","guid":{"rendered":"https:\/\/farwell.ee\/toode\/kupsetusplaat-gn-1-1-4-soonega-baguette-saiale\/"},"modified":"2025-07-01T12:30:13","modified_gmt":"2025-07-01T09:30:13","slug":"kupsetusplaat-gn-1-1-4-soonega-baguette-saiale","status":"publish","type":"product","link":"https:\/\/farwell.ee\/ru\/product\/kupsetusplaat-gn-1-1-4-soonega-baguette-saiale\/","title":{"rendered":"K\u00fcpsetusplaat Gn 1\/1 4-soonega Baguette saiale"},"content":{"rendered":"","protected":false},"excerpt":{"rendered":"<p>Alumiiniumist k\u00fcpsetusplaat pika saia ehk Baguette\u00b4i k\u00fcpsetamiseks.<\/p>\n<p>Baguette on pikk ja peenike Prantsuse p\u00e4ritolu leib, mis tavaliselt on valmistatud lahjast tainast.<br \/>\nSeda saab eristada pikkuse ja kr\u00f5beda kooriku j\u00e4rgi.<br \/>\nBaguette l\u00e4bim\u00f5\u00f5t on umbes 5\u20136 sentimeetrit ja tavaline pikkus on umbes 65cm, kuigi baguette pikkus v\u00f5ib olla kuni 1m.<\/p>\n<p>Masinpesu ei ole lubatud !<\/p>","protected":false},"featured_media":28744,"template":"","meta":{"_acf_changed":false,"inline_featured_image":false},"product_brand":[],"product_cat":[151],"product_tag":[],"class_list":{"0":"post-28721","1":"product","2":"type-product","3":"status-publish","4":"has-post-thumbnail","6":"product_cat-pagariplaadid-ja-restid","7":"pa_kaubamark-electrolux","9":"first","10":"outofstock","11":"shipping-taxable","12":"purchasable","13":"product-type-simple"},"acf":[],"_links":{"self":[{"href":"https:\/\/farwell.ee\/ru\/wp-json\/wp\/v2\/product\/28721","targetHints":{"allow":["GET"]}}],"collection":[{"href":"https:\/\/farwell.ee\/ru\/wp-json\/wp\/v2\/product"}],"about":[{"href":"https:\/\/farwell.ee\/ru\/wp-json\/wp\/v2\/types\/product"}],"wp:featuredmedia":[{"embeddable":true,"href":"https:\/\/farwell.ee\/ru\/wp-json\/wp\/v2\/media\/28744"}],"wp:attachment":[{"href":"https:\/\/farwell.ee\/ru\/wp-json\/wp\/v2\/media?parent=28721"}],"wp:term":[{"taxonomy":"product_brand","embeddable":true,"href":"https:\/\/farwell.ee\/ru\/wp-json\/wp\/v2\/product_brand?post=28721"},{"taxonomy":"product_cat","embeddable":true,"href":"https:\/\/farwell.ee\/ru\/wp-json\/wp\/v2\/product_cat?post=28721"},{"taxonomy":"product_tag","embeddable":true,"href":"https:\/\/farwell.ee\/ru\/wp-json\/wp\/v2\/product_tag?post=28721"}],"curies":[{"name":"wp","href":"https:\/\/api.w.org\/{rel}","templated":true}]}}