{"id":28512,"date":"2024-04-19T13:15:05","date_gmt":"2024-04-19T10:15:05","guid":{"rendered":"https:\/\/farwell.ee\/toode\/kokanuga-15cm-lavendel\/"},"modified":"2026-01-09T12:15:05","modified_gmt":"2026-01-09T10:15:05","slug":"kokanuga-15cm-lavendel","status":"publish","type":"product","link":"https:\/\/farwell.ee\/ru\/product\/kokanuga-15cm-lavendel\/","title":{"rendered":"Kokanuga 15cm lavendel"},"content":{"rendered":"","protected":false},"excerpt":{"rendered":"<p>K\u00e4epideme materjal:\u00a0 pol\u00fcprop\u00fcleenkopol\u00fcmeer (PPC)<\/p>","protected":false},"featured_media":28511,"template":"","meta":{"_acf_changed":false,"inline_featured_image":false},"product_brand":[],"product_cat":[140],"product_tag":[],"class_list":{"0":"post-28512","1":"product","2":"type-product","3":"status-publish","4":"has-post-thumbnail","6":"product_cat-kooginoad","7":"pa_kaubamark-victorinox","9":"first","10":"outofstock","11":"sale","12":"shipping-taxable","13":"purchasable","14":"product-type-simple"},"acf":[],"_links":{"self":[{"href":"https:\/\/farwell.ee\/ru\/wp-json\/wp\/v2\/product\/28512","targetHints":{"allow":["GET"]}}],"collection":[{"href":"https:\/\/farwell.ee\/ru\/wp-json\/wp\/v2\/product"}],"about":[{"href":"https:\/\/farwell.ee\/ru\/wp-json\/wp\/v2\/types\/product"}],"wp:featuredmedia":[{"embeddable":true,"href":"https:\/\/farwell.ee\/ru\/wp-json\/wp\/v2\/media\/28511"}],"wp:attachment":[{"href":"https:\/\/farwell.ee\/ru\/wp-json\/wp\/v2\/media?parent=28512"}],"wp:term":[{"taxonomy":"product_brand","embeddable":true,"href":"https:\/\/farwell.ee\/ru\/wp-json\/wp\/v2\/product_brand?post=28512"},{"taxonomy":"product_cat","embeddable":true,"href":"https:\/\/farwell.ee\/ru\/wp-json\/wp\/v2\/product_cat?post=28512"},{"taxonomy":"product_tag","embeddable":true,"href":"https:\/\/farwell.ee\/ru\/wp-json\/wp\/v2\/product_tag?post=28512"}],"curies":[{"name":"wp","href":"https:\/\/api.w.org\/{rel}","templated":true}]}}