{"id":28505,"date":"2024-04-19T12:15:05","date_gmt":"2024-04-19T09:15:05","guid":{"rendered":"https:\/\/farwell.ee\/toode\/kana-kondistusnuga-15cm-honesuki-vg-10\/"},"modified":"2025-07-31T19:00:08","modified_gmt":"2025-07-31T16:00:08","slug":"kana-kondistusnuga-15cm-honesuki-vg-10","status":"publish","type":"product","link":"https:\/\/farwell.ee\/ru\/product\/kana-kondistusnuga-15cm-honesuki-vg-10\/","title":{"rendered":"Kana kondistusnuga 15cm 3-kihiline Honesuki VG-10"},"content":{"rendered":"","protected":false},"excerpt":{"rendered":"<p>Jaapani kokanoa tuumikmaterjal VG-10 \u201esuper teras\u201c koosneb koobaltist, mol\u00fcbdeenist, vanaadiumist ja s\u00fcsinikust.<br \/>\nTera k\u00f5vadus Rockwelli skaalas HRC61.<br \/>\n\u00dchepoolse teritusega l\u00f5iketera, sobib paremak\u00e4elistele.<br \/>\nTeritusnurk on 10 kraadi.<br \/>\nVG-10 k\u00f5rgs\u00fcsinikteras on kaetud m\u00f5lemalt poolt 1-kihilise 13-kroom roostevaba terase kihiga, mis annab nugadele vajaliku stabiilsuse ja roostekindluse.<br \/>\nK\u00e4epide tugevdatud lamineeritud materjalist, kolme neetkinnitusega.<\/p>\n<p>Tera pikkus 150 mm<br \/>\nKogupikkus 275 mm<br \/>\nKaal 180 g<\/p>","protected":false},"featured_media":28504,"template":"","meta":{"_acf_changed":false,"inline_featured_image":false},"product_brand":[],"product_cat":[140],"product_tag":[9126,9125,9127],"class_list":{"0":"post-28505","1":"product","2":"type-product","3":"status-publish","4":"has-post-thumbnail","6":"product_cat-kooginoad","7":"product_tag-konditustamis-nuga","8":"product_tag-konditustamise-nuga","9":"product_tag-konditustamisnuga","10":"pa_kaubamark-tojiro","12":"first","13":"outofstock","14":"shipping-taxable","15":"purchasable","16":"product-type-simple"},"acf":[],"_links":{"self":[{"href":"https:\/\/farwell.ee\/ru\/wp-json\/wp\/v2\/product\/28505","targetHints":{"allow":["GET"]}}],"collection":[{"href":"https:\/\/farwell.ee\/ru\/wp-json\/wp\/v2\/product"}],"about":[{"href":"https:\/\/farwell.ee\/ru\/wp-json\/wp\/v2\/types\/product"}],"wp:featuredmedia":[{"embeddable":true,"href":"https:\/\/farwell.ee\/ru\/wp-json\/wp\/v2\/media\/28504"}],"wp:attachment":[{"href":"https:\/\/farwell.ee\/ru\/wp-json\/wp\/v2\/media?parent=28505"}],"wp:term":[{"taxonomy":"product_brand","embeddable":true,"href":"https:\/\/farwell.ee\/ru\/wp-json\/wp\/v2\/product_brand?post=28505"},{"taxonomy":"product_cat","embeddable":true,"href":"https:\/\/farwell.ee\/ru\/wp-json\/wp\/v2\/product_cat?post=28505"},{"taxonomy":"product_tag","embeddable":true,"href":"https:\/\/farwell.ee\/ru\/wp-json\/wp\/v2\/product_tag?post=28505"}],"curies":[{"name":"wp","href":"https:\/\/api.w.org\/{rel}","templated":true}]}}