{"id":28417,"date":"2024-04-17T11:30:05","date_gmt":"2024-04-17T08:30:05","guid":{"rendered":"https:\/\/farwell.ee\/toode\/terituskivi-ehk-vesiluisk-240-1000dmi\/"},"modified":"2026-03-27T14:00:07","modified_gmt":"2026-03-27T12:00:07","slug":"terituskivi-ehk-vesiluisk-240-1000dmi","status":"publish","type":"product","link":"https:\/\/farwell.ee\/ru\/product\/terituskivi-ehk-vesiluisk-240-1000dmi\/","title":{"rendered":"Terituskivi ehk vesiluisk 240\/1000dmi"},"content":{"rendered":"","protected":false},"excerpt":{"rendered":"<p>240 dmi teralisusega vesiluisk on m\u00f5eldud jmeterituseks ehk n\u00fcristunud ja s\u00e4lguliseks muutunud l\u00f5iketera taastamiseks.<br \/>\n1000 dmi teralisusega vesiluisk on m\u00f5eldud eelk\u00f5ige l\u00f5iketerade hooldusterituseks ehk siis nugade puhul, mis on veel heas korras ja ei ole p\u00e4ris n\u00fcrid.<\/p>","protected":false},"featured_media":28416,"template":"","meta":{"_acf_changed":false,"inline_featured_image":false},"product_brand":[],"product_cat":[140],"product_tag":[],"class_list":{"0":"post-28417","1":"product","2":"type-product","3":"status-publish","4":"has-post-thumbnail","6":"product_cat-kooginoad","7":"pa_kaubamark-paderno","9":"first","10":"instock","11":"shipping-taxable","12":"purchasable","13":"product-type-simple"},"acf":[],"_links":{"self":[{"href":"https:\/\/farwell.ee\/ru\/wp-json\/wp\/v2\/product\/28417","targetHints":{"allow":["GET"]}}],"collection":[{"href":"https:\/\/farwell.ee\/ru\/wp-json\/wp\/v2\/product"}],"about":[{"href":"https:\/\/farwell.ee\/ru\/wp-json\/wp\/v2\/types\/product"}],"wp:featuredmedia":[{"embeddable":true,"href":"https:\/\/farwell.ee\/ru\/wp-json\/wp\/v2\/media\/28416"}],"wp:attachment":[{"href":"https:\/\/farwell.ee\/ru\/wp-json\/wp\/v2\/media?parent=28417"}],"wp:term":[{"taxonomy":"product_brand","embeddable":true,"href":"https:\/\/farwell.ee\/ru\/wp-json\/wp\/v2\/product_brand?post=28417"},{"taxonomy":"product_cat","embeddable":true,"href":"https:\/\/farwell.ee\/ru\/wp-json\/wp\/v2\/product_cat?post=28417"},{"taxonomy":"product_tag","embeddable":true,"href":"https:\/\/farwell.ee\/ru\/wp-json\/wp\/v2\/product_tag?post=28417"}],"curies":[{"name":"wp","href":"https:\/\/api.w.org\/{rel}","templated":true}]}}